{"id":1298,"date":"2022-10-12T17:27:39","date_gmt":"2022-10-12T15:27:39","guid":{"rendered":"https:\/\/arthur-samuel.de\/?page_id=1298"},"modified":"2025-08-03T16:03:11","modified_gmt":"2025-08-03T14:03:11","slug":"gegen-das-vergessen","status":"publish","type":"page","link":"https:\/\/arthur-samuel.de\/en\/gegen-das-vergessen\/","title":{"rendered":"Lest we forget"},"content":{"rendered":"<div class=\"fusion-fullwidth fullwidth-box fusion-builder-row-1 fusion-flex-container has-pattern-background has-mask-background nonhundred-percent-fullwidth non-hundred-percent-height-scrolling\" style=\"--awb-background-position:left top;--awb-border-sizes-top:0px;--awb-border-sizes-bottom:0px;--awb-border-sizes-left:0px;--awb-border-sizes-right:0px;--awb-border-radius-top-left:0px;--awb-border-radius-top-right:0px;--awb-border-radius-bottom-right:0px;--awb-border-radius-bottom-left:0px;--awb-padding-top:40px;--awb-padding-bottom:45px;--awb-background-color:var(--awb-color2);--awb-flex-wrap:wrap;\" ><div class=\"fusion-builder-row fusion-row fusion-flex-align-items-flex-start fusion-flex-content-wrap\" style=\"max-width:1216.8px;margin-left: calc(-4% \/ 2 );margin-right: calc(-4% \/ 2 );\"><div class=\"fusion-layout-column fusion_builder_column fusion-builder-column-0 fusion_builder_column_1_6 1_6 fusion-flex-column fusion-no-small-visibility fusion-no-medium-visibility\" style=\"--awb-bg-blend:overlay;--awb-bg-size:cover;--awb-width-large:16.666666666667%;--awb-margin-top-large:0px;--awb-spacing-right-large:11.52%;--awb-margin-bottom-large:20px;--awb-spacing-left-large:11.52%;--awb-width-medium:100%;--awb-spacing-right-medium:1.92%;--awb-spacing-left-medium:1.92%;--awb-width-small:100%;--awb-spacing-right-small:1.92%;--awb-spacing-left-small:1.92%;\"><div class=\"fusion-column-wrapper fusion-flex-justify-content-flex-start fusion-content-layout-column\"><\/div><\/div><div class=\"fusion-layout-column fusion_builder_column fusion-builder-column-1 fusion_builder_column_2_3 2_3 fusion-flex-column\" style=\"--awb-bg-blend:overlay;--awb-bg-size:cover;--awb-width-large:66.666666666667%;--awb-margin-top-large:0px;--awb-spacing-right-large:0px;--awb-margin-bottom-large:0px;--awb-spacing-left-large:0px;--awb-width-medium:100%;--awb-order-medium:0;--awb-spacing-right-medium:1.92%;--awb-spacing-left-medium:1.92%;--awb-width-small:100%;--awb-order-small:0;--awb-spacing-right-small:1.92%;--awb-spacing-left-small:1.92%;\"><div class=\"fusion-column-wrapper fusion-column-has-shadow fusion-flex-justify-content-flex-start fusion-content-layout-column\"><div class=\"fusion-text fusion-text-1\" style=\"--awb-font-size:18px;--awb-line-height:1.4em;--awb-text-font-family:&quot;PT Sans&quot;;--awb-text-font-style:normal;--awb-text-font-weight:400;\"><p>Das \u00dcberleben von Arthur und Eugenie Samuel in der Nazizeit in Cadenberge ist in der Art und Weise des Geschehens einzigartig; es k\u00f6nnte m\u00f6glicherweise zugleich als eines der sehr seltenen Beispiele eines j\u00fcdischen oder gemischten Paares angesehen werden, das in der eigenen Gemeinde diese Zeit \u00fcberlebt hat, wenn auch unter sehr belastenden Bedingungen. Wie in den vorherigen Kapiteln beschrieben, bietet das Leben der Samuels einen ergreifenden Kontrast gegen den entsetzlichen und eskalierenden Horror, den der Gro\u00dfteil der j\u00fcdischen Gemeinden von 1933 bis 1945 und sogar dar\u00fcber hinaus erleiden musste.<\/p>\n<p>Dieses Kapitel soll denjenigen helfen, die die Geschichte und die Lehren des Holocaust, wie sie in Museen unterschiedlicher Art, in Gedenkst\u00e4tten, in den damaligen Wohnstra\u00dfen der Opfer und heute auch im Internet pr\u00e4sentiert werden, weiter erforschen m\u00f6chten.<\/p>\n<p>Dabei scheint es uns besonders wichtig, dass in diesen Berichten und Dokumentationen auch der Mut und die St\u00e4rke hervorgehoben werden, die einem kleinen Prozentsatz der europ\u00e4ischen j\u00fcdischen Vorkriegsgemeinschaft zum \u00dcberleben verholfen hat.<\/p>\n<\/div><div class=\"fusion-image-element \" style=\"--awb-margin-bottom:20px;--awb-caption-title-font-family:var(--h2_typography-font-family);--awb-caption-title-font-weight:var(--h2_typography-font-weight);--awb-caption-title-font-style:var(--h2_typography-font-style);--awb-caption-title-size:var(--h2_typography-font-size);--awb-caption-title-transform:var(--h2_typography-text-transform);--awb-caption-title-line-height:var(--h2_typography-line-height);--awb-caption-title-letter-spacing:var(--h2_typography-letter-spacing);\"><span class=\" fusion-imageframe imageframe-none imageframe-1 hover-type-none\"><a href=\"https:\/\/arthur-samuel.de\/wp-content\/uploads\/2022\/11\/Else-Painting-1.jpg\" class=\"fusion-lightbox\" data-rel=\"iLightbox[1e6f3acbcb35c4c41f3]\" data-title=\"Else-Painting\" title=\"Else-Painting\"><img decoding=\"async\" width=\"1080\" height=\"1436\" src=\"https:\/\/arthur-samuel.de\/wp-content\/uploads\/2022\/11\/Else-Painting-1.jpg\" data-orig-src=\"https:\/\/arthur-samuel.de\/wp-content\/uploads\/2022\/11\/Else-Painting-1.jpg\" alt class=\"lazyload img-responsive wp-image-1352\" srcset=\"data:image\/svg+xml,%3Csvg%20xmlns%3D%27http%3A%2F%2Fwww.w3.org%2F2000%2Fsvg%27%20width%3D%271080%27%20height%3D%271436%27%20viewBox%3D%270%200%201080%201436%27%3E%3Crect%20width%3D%271080%27%20height%3D%271436%27%20fill-opacity%3D%220%22%2F%3E%3C%2Fsvg%3E\" data-srcset=\"https:\/\/arthur-samuel.de\/wp-content\/uploads\/2022\/11\/Else-Painting-1-200x266.jpg 200w, https:\/\/arthur-samuel.de\/wp-content\/uploads\/2022\/11\/Else-Painting-1-400x532.jpg 400w, https:\/\/arthur-samuel.de\/wp-content\/uploads\/2022\/11\/Else-Painting-1-600x798.jpg 600w, https:\/\/arthur-samuel.de\/wp-content\/uploads\/2022\/11\/Else-Painting-1-800x1064.jpg 800w, https:\/\/arthur-samuel.de\/wp-content\/uploads\/2022\/11\/Else-Painting-1.jpg 1080w\" data-sizes=\"auto\" data-orig-sizes=\"(max-width: 924px) 100vw, (max-width: 640px) 100vw, 800px\" \/><\/a><\/span><\/div><div class=\"fusion-text fusion-text-2\" style=\"--awb-font-size:18px;--awb-line-height:1.4em;--awb-text-font-family:&quot;PT Sans&quot;;--awb-text-font-style:normal;--awb-text-font-weight:400;\"><p><em>Blumenmalerei von Else Voss. Sie war die Tochter von Emilie, einer \u00e4lteren Schwester von Arthur. Emilie, die Gro\u00dfmutter von Henry Irwig, konnte dem Holocaust entkommen, indem sie nach S\u00fcdafrika floh. Else hingegen wurde in Auschwitz ermordet.<br \/>\n(Foto: Privat)<\/em><\/p>\n<\/div><div class=\"fusion-text fusion-text-3\" style=\"--awb-font-size:18px;--awb-line-height:1.4em;--awb-text-font-family:&quot;PT Sans&quot;;--awb-text-font-style:normal;--awb-text-font-weight:400;\"><p><strong>KZ-Gedenkst\u00e4tten:<\/strong><\/p>\n<p>Viele der ehemaligen Konzentrationslager in Deutschland und Osteuropa wurden umgewidmet und als Museen erhalten. Die inhaltliche Arbeit dort konzentriert sich im Allgemeinen auf die Traumata, die mit den Transporten von Juden und anderen in die Lager verbunden waren; und auf die Schrecken, die sie dort erlebten und die Befreiung der wenigen, die \u00fcberleben konnten. Fast 80 Jahre nach der Befreiung der Lager werden die Gedenkst\u00e4tten weiterhin von vielen Besuchergruppen aus der ganzen Welt aufgesucht; darunter auch Kinder und Jugendliche aus anderen europ\u00e4ischen L\u00e4ndern, die kommen, um die Get\u00f6teten zu ehren und selber vor den Gefahren zu warnen, die durch die Unterw\u00fcrfigkeit gegen\u00fcber Diktaturen drohen.<\/p>\n<ul>\n<li>Gedenkst\u00e4ttenportal zu Orten der Erinnerung in Europa (<a href=\"https:\/\/memorialmuseums.org\">memorialmuseums.org<\/a>)<\/li>\n<li>Auschwitz-Birkenau (<a href=\"https:\/\/www.auschwitz.org\">auschwitz.org<\/a>)<\/li>\n<li>Gedenkst\u00e4tte Bergen-Belsen (<a href=\"https:\/\/stiftung-ng.de\">stiftung-ng.de<\/a>)<\/li>\n<li>Historischer \u00dcberblick &#8211; Gedenkst\u00e4tte Buchenwald (<a href=\"https:\/\/www.buchenwald.de\">buchenwald.de<\/a>)<\/li>\n<li>Startseite &#8211; KZ Gedenkst\u00e4tte Dachau (<a href=\"https:\/\/kz-gedenkstaette-dachau.de\">kz-gedenkstaette-dachau.de<\/a>)<\/li>\n<li>Starten Sie | Gedenkst\u00e4tte und Museum Sachsenhausen (<a href=\"https:\/\/sachsenhausen-sbg.de\">sachsenhausen-sbg.de<\/a>)<\/li>\n<\/ul>\n<p><strong>Andere j\u00fcdische Museen:<\/strong><\/p>\n<p>Drei Museen sind weltweit von besonderer Bedeutung; eines in Berlin, Deutschland, ein weiteres in Jerusalem, Israel und ein drittes in Washington\/DC in den USA. In vielerlei Hinsicht \u00e4hneln sich die Ziele dieser Museen, weil sie sich im Kern mit dem Thema der Verhinderung von Verfolgung und V\u00f6lkermord in der Zukunft besch\u00e4ftigen.<\/p>\n<p><strong>J\u00fcdisches Museum Berlin\u00a0<\/strong><\/p>\n<p>Vielleicht ist das \u201eMarkenzeichen\u201c dieses Museums die bedeutende Ausstellung, die sich auf die Geschichte der Juden in Deutschland vom Mittelalter bis zur Gegenwart konzentriert. Das Museum befindet sich im Herzen Berlins, im Stadtteil Kreuzberg, unweit des Checkpoint Charlie und der ehemaligen Berliner Mauer. Es wurde im Jahr 2001 nach der Fertigstellung des denkmalgesch\u00fctzten Geb\u00e4udes vom preisgekr\u00f6nten Architekten Daniel Libeskind, dem Sohn von Holocaust-\u00dcberlebenden, er\u00f6ffnet.<\/p>\n<ul>\n<li><strong><a href=\"https:\/\/www.jmberlin.de\/ueber-das-jmb\/\">https:\/\/www.jmberlin.de\/ueber-das-jmb\/<\/a><\/strong><\/li>\n<\/ul>\n<p><strong>Holocaust-Museum der Vereinigten Staaten \u2013<\/strong><br \/>\nIn den USA, wo sich viele Fl\u00fcchtlinge aus dem Holocaust niederlie\u00dfen, gibt es sehr viele Gedenkst\u00e4tten. Von besonderer Bedeutung ist die Einrichtung in Washington\/DC, die 1993 er\u00f6ffnet wurde. Das Museum beherbergt ein unvergleichliches Depot von Holocaust-Artefakten und Beweisen, in denen Schicksale von Opfern, \u00dcberlebenden, Rettern, Befreiern und anderen Beteiligten aufgezeichnet sind. Das Holocaust-Museum befindet sich im Herzen der Hauptstadt der USA, in der N\u00e4he der National Mall, um die sich viele ber\u00fchmte Museen gruppieren und nur unweit des Washington Monuments.<\/p>\n<ul>\n<li><a href=\"https:\/\/www.ushmm.org\/\"><strong>https:\/\/www.ushmm.org\/<\/strong><\/a><\/li>\n<\/ul>\n<p><strong>Yad Vashem Gedenkzentrum \u2013<\/strong><br \/>\nDas Yad Vashem ist Israels offizielles Denkmal f\u00fcr die Opfer des Holocaust. Es widmet sich der Bewahrung der Erinnerung an die ermordeten Juden und der Ehrung sowohl der Juden, die gegen ihre Nazi-Unterdr\u00fccker k\u00e4mpften, als auch derjenigen anderen Glaubens, die selbstlos Juden in Not halfen. Der im Jahr 1953 gegr\u00fcndete Yad Vashem-Komplex befindet sich in Jerusalem, der Heiligen Stadt, am Westhang des Berges Herzl, auch bekannt als der Berg der Erinnerung.<\/p>\n<ul>\n<li><a href=\"https:\/\/www.yadvashem.org\/de.html\"><strong>https:\/\/www.yadvashem.org\/de.html<\/strong><\/a><\/li>\n<\/ul>\n<p><strong>Holocaust-Gedenkst\u00e4tten:<\/strong><\/p>\n<p>In der gesamten westlichen Welt wurden Gedenkst\u00e4tten zum Gedenken an diejenigen geschaffen, die im Holocaust ermordet wurden. Ihre Gestaltung ist unterschiedlich &#8211; vom Monumentalen \u00fcber das Ehrgeizige bis hin zu einem eher \u201epers\u00f6nlich\u201c gestalteten Konzept.<\/p>\n<\/div><div class=\"fusion-image-element \" style=\"--awb-margin-bottom:20px;--awb-caption-title-font-family:var(--h2_typography-font-family);--awb-caption-title-font-weight:var(--h2_typography-font-weight);--awb-caption-title-font-style:var(--h2_typography-font-style);--awb-caption-title-size:var(--h2_typography-font-size);--awb-caption-title-transform:var(--h2_typography-text-transform);--awb-caption-title-line-height:var(--h2_typography-line-height);--awb-caption-title-letter-spacing:var(--h2_typography-letter-spacing);\"><span class=\" fusion-imageframe imageframe-none imageframe-2 hover-type-none\"><a href=\"https:\/\/arthur-samuel.de\/wp-content\/uploads\/2022\/11\/memorial-berlin.jpg\" class=\"fusion-lightbox\" data-rel=\"iLightbox[49ce8ac7e4df0690252]\" data-title=\"memorial-berlin\" title=\"memorial-berlin\"><img decoding=\"async\" width=\"1920\" height=\"1275\" src=\"https:\/\/arthur-samuel.de\/wp-content\/uploads\/2022\/11\/memorial-berlin.jpg\" data-orig-src=\"https:\/\/arthur-samuel.de\/wp-content\/uploads\/2022\/11\/memorial-berlin.jpg\" alt class=\"lazyload img-responsive wp-image-1396\" srcset=\"data:image\/svg+xml,%3Csvg%20xmlns%3D%27http%3A%2F%2Fwww.w3.org%2F2000%2Fsvg%27%20width%3D%271920%27%20height%3D%271275%27%20viewBox%3D%270%200%201920%201275%27%3E%3Crect%20width%3D%271920%27%20height%3D%271275%27%20fill-opacity%3D%220%22%2F%3E%3C%2Fsvg%3E\" data-srcset=\"https:\/\/arthur-samuel.de\/wp-content\/uploads\/2022\/11\/memorial-berlin-200x133.jpg 200w, https:\/\/arthur-samuel.de\/wp-content\/uploads\/2022\/11\/memorial-berlin-400x266.jpg 400w, https:\/\/arthur-samuel.de\/wp-content\/uploads\/2022\/11\/memorial-berlin-600x398.jpg 600w, https:\/\/arthur-samuel.de\/wp-content\/uploads\/2022\/11\/memorial-berlin-800x531.jpg 800w, https:\/\/arthur-samuel.de\/wp-content\/uploads\/2022\/11\/memorial-berlin-1200x797.jpg 1200w, https:\/\/arthur-samuel.de\/wp-content\/uploads\/2022\/11\/memorial-berlin.jpg 1920w\" data-sizes=\"auto\" data-orig-sizes=\"(max-width: 924px) 100vw, (max-width: 640px) 100vw, 800px\" \/><\/a><\/span><\/div><div class=\"fusion-text fusion-text-4\" style=\"--awb-font-size:18px;--awb-line-height:1.4em;--awb-text-font-family:&quot;PT Sans&quot;;--awb-text-font-style:normal;--awb-text-font-weight:400;\"><p><i>Holocaust-Gedenkst\u00e4tte in Berlin.<br \/>\n(Quelle: pixabay)<\/i><\/p>\n<\/div><div class=\"fusion-text fusion-text-5\" style=\"--awb-font-size:18px;--awb-line-height:1.4em;--awb-text-font-family:&quot;PT Sans&quot;;--awb-text-font-style:normal;--awb-text-font-weight:400;\"><p><strong>Monumental&#8230; Berlins Denkmal f\u00fcr die ermordeten Juden Europas \u2013<\/strong><\/p>\n<p>Es ist unm\u00f6glich zu \u00fcbersehen: Das &#8222;Stelenfeld&#8220; mit mehr als 2.500 geometrisch angeordneten Betonpfeilern erstreckt sich \u00fcber fast f\u00fcnf Hektar zwischen dem Brandenburger Tor und dem neu errichteten Potsdamer Platz. Das Denkmal erm\u00f6glicht es den BesucherInnen, von allen vier Seiten einzutreten und durch das ungleichm\u00e4\u00dfig abfallende Feld zu gehen. Das \u201eWandern\u201c zwischen den unterschiedlich gro\u00dfen Stelen ist absichtlich verwirrend, um das Gef\u00fchl der Verlassenheit hervorzurufen, das die j\u00fcdische Gemeinschaft w\u00e4hrend der Nazizeit empfand. Das angrenzende unterirdische Museum enth\u00e4lt pers\u00f6nlichere Details wie die Namen aller bekannten j\u00fcdischen Holocaust-Opfer und ausgew\u00e4hlte Geschichten ihrer Deportationswege.<\/p>\n<ul>\n<li><strong><a href=\"https:\/\/www.visitberlin.de\/de\/denkmal-fuer-die-ermordeten-juden-europas\">https:\/\/www.visitberlin.de\/de\/denkmal-fuer-die-ermordeten-juden-europas<\/a><\/strong><\/li>\n<\/ul>\n<\/div><div class=\"fusion-image-element \" style=\"--awb-margin-bottom:20px;--awb-caption-title-font-family:var(--h2_typography-font-family);--awb-caption-title-font-weight:var(--h2_typography-font-weight);--awb-caption-title-font-style:var(--h2_typography-font-style);--awb-caption-title-size:var(--h2_typography-font-size);--awb-caption-title-transform:var(--h2_typography-text-transform);--awb-caption-title-line-height:var(--h2_typography-line-height);--awb-caption-title-letter-spacing:var(--h2_typography-letter-spacing);\"><span class=\" fusion-imageframe imageframe-none imageframe-3 hover-type-none\"><a href=\"https:\/\/arthur-samuel.de\/wp-content\/uploads\/2022\/11\/New_england_holocaust_memorial-boston.jpg\" class=\"fusion-lightbox\" data-rel=\"iLightbox[ed7044bb731338f8103]\" data-title=\"New_england_holocaust_memorial-boston\" title=\"New_england_holocaust_memorial-boston\"><img decoding=\"async\" width=\"1920\" height=\"1509\" src=\"https:\/\/arthur-samuel.de\/wp-content\/uploads\/2022\/11\/New_england_holocaust_memorial-boston.jpg\" data-orig-src=\"https:\/\/arthur-samuel.de\/wp-content\/uploads\/2022\/11\/New_england_holocaust_memorial-boston.jpg\" alt class=\"lazyload img-responsive wp-image-1394\" srcset=\"data:image\/svg+xml,%3Csvg%20xmlns%3D%27http%3A%2F%2Fwww.w3.org%2F2000%2Fsvg%27%20width%3D%271920%27%20height%3D%271509%27%20viewBox%3D%270%200%201920%201509%27%3E%3Crect%20width%3D%271920%27%20height%3D%271509%27%20fill-opacity%3D%220%22%2F%3E%3C%2Fsvg%3E\" data-srcset=\"https:\/\/arthur-samuel.de\/wp-content\/uploads\/2022\/11\/New_england_holocaust_memorial-boston-200x157.jpg 200w, https:\/\/arthur-samuel.de\/wp-content\/uploads\/2022\/11\/New_england_holocaust_memorial-boston-400x314.jpg 400w, https:\/\/arthur-samuel.de\/wp-content\/uploads\/2022\/11\/New_england_holocaust_memorial-boston-600x472.jpg 600w, https:\/\/arthur-samuel.de\/wp-content\/uploads\/2022\/11\/New_england_holocaust_memorial-boston-800x629.jpg 800w, https:\/\/arthur-samuel.de\/wp-content\/uploads\/2022\/11\/New_england_holocaust_memorial-boston-1200x943.jpg 1200w, https:\/\/arthur-samuel.de\/wp-content\/uploads\/2022\/11\/New_england_holocaust_memorial-boston.jpg 1920w\" data-sizes=\"auto\" data-orig-sizes=\"(max-width: 924px) 100vw, (max-width: 640px) 100vw, 800px\" \/><\/a><\/span><\/div><div class=\"fusion-text fusion-text-6\" style=\"--awb-font-size:18px;--awb-line-height:1.4em;--awb-text-font-family:&quot;PT Sans&quot;;--awb-text-font-style:normal;--awb-text-font-weight:400;\"><p><i>New England Holocaust Memorial in Boston\/USA; erbaut unter der Beteiligung des Gro\u00dfneffen von Arthur Samuel, Henry Irwig.<br \/>\n(Quelle: Stanley Saitowitz\/Natoma Architects. Wir bedanken uns herzlich.)<\/i><\/p>\n<\/div><div class=\"fusion-text fusion-text-7\" style=\"--awb-font-size:18px;--awb-line-height:1.4em;--awb-text-font-family:&quot;PT Sans&quot;;--awb-text-font-style:normal;--awb-text-font-weight:400;\"><p><strong>Ehrgeizig . . . Holocaust-Mahnmal Neuengland \u2013<\/strong><\/p>\n<p>In scharfem Kontrast zum Berliner Stelenfeld steht die Architektur des New England Holocaust Memorial mit seiner einzigartigen Reihe von sechs Glast\u00fcrmen. Sie befinden sich in einem sehr schmalen Landstreifen im historischen Kern von Boston, m\u00f6glicherweise der am meisten verehrten Stadt der USA. Angrenzend an Bostons historischen Freedom Trail und gegen\u00fcber der architektonisch ber\u00fchmten Boston City Hall stehen die Glast\u00fcrme als Leuchtt\u00fcrme der Hoffnung, w\u00e4hrend sie \u00fcber dunklen Gruben der Verzweiflung ruhen, die die sechs Todeslager in Polen symbolisieren. Entworfen wurde das Mahnmal vom Gewinner eines gro\u00dfen internationalen Wettbewerbs, dem Architekten Stanley Saitowitz. Und errichtet wurde es unter der Aufsicht des Gro\u00dfneffen von Arthur Samuel, Henry Irwig.<\/p>\n<ul>\n<li><a href=\"https:\/\/www.nehm.org\/the-memorial\/\"><strong>https:\/\/www.nehm.org\/the-memorial\/<\/strong><\/a><\/li>\n<\/ul>\n<p><strong>Pers\u00f6nlich&#8230; Stolpersteine \u2013<\/strong><\/p>\n<p>Man bemerkt vielleicht nicht, dass diese Denkm\u00e4ler durch deutsche St\u00e4dte laufen. Die Stolpersteine sind kleine Messingtafeln, die zwischen dem Kopfsteinpflaster von B\u00fcrgersteigen und Fu\u00dfwegen angebracht sind und sich normalerweise sehr nahe an den Eing\u00e4ngen von Geb\u00e4uden befinden, die in fr\u00fcherer Zeit von einzelnen Opfern des Holocaust bewohnt wurden. Das Stolperstein-Projekt des deutschen K\u00fcnstlers Gunter Demnig w\u00fcrdigt jeden dieser Menschen pers\u00f6nlich, zeigt seinen Namen und gibt eine kurze Beschreibung seines Schicksals. Mittlerweile gibt es in Deutschland &#8211; wie auch in vielen anderen europ\u00e4ischen St\u00e4dten &#8211; viele tausend Stolpersteine und in H\u00fcls, dem Geburtsort von Arthur Samuel, gibt es zwei. Einen f\u00fcr jeden seiner Neffen, die die Strapazen der Gefangenschaft und die Grausamkeit der Nazi-Schergen \u00fcberlebt haben.<\/p>\n<ul>\n<li><a href=\"https:\/\/www.stolpersteine.eu\/de\/aktuell\/\"><strong>https:\/\/www.stolpersteine.eu\/<\/strong><\/a><\/li>\n<\/ul>\n<p><strong>Das Internet &#8211; \u00dcberlebende und Retter:<\/strong><\/p>\n<p>W\u00e4hrend die Erfassung und Verankerung der Geschichte in Museen und Gedenkst\u00e4tten sehr wichtig ist, ist es mindestens ebenso wichtig, die Philosophie und Lebensweise derjenigen zu verstehen, die die Leiden der Nazi-Zeit \u00fcberlebt oder die geholfen haben, sie zu \u00fcberleben. Das Internet bietet einfachen Zugang zu den Erz\u00e4hlungen der Erfahrungen von \u00dcberlebenden aus erster Hand und zu Berichten \u00fcber die Tapferkeit derer, die viel riskierten, um ihre j\u00fcdischen Nachbarn zu sch\u00fctzen.<\/p>\n<p><strong>Retter . . . <\/strong><\/p>\n<p>Der Mut der Retter wird vielleicht am besten in den Archiven des Yad Vashem Remembrance Center festgehalten, die sie als &#8222;Die Gerechten unter den V\u00f6lkern&#8220; geehrt haben. Besonders hervorzuheben sind die fast 500 so anerkannten deutschen Staatsangeh\u00f6rigen, deren Tapferkeit unter ihrem Namen in der ersten Internetadresse unten aufgef\u00fchrt ist. Weitere Informationen zum Archiv finden Sie unter der zweiten Internetadresse, unter der auch die Geschichten der ber\u00fchmten Francis Foley, Oskar Schindler, Chiune Sugihara und Raoul Wallenberg zu finden sind.<\/p>\n<ul>\n<li><strong><a href=\"https:\/\/www.yadvashem.org\/de.html\">https:\/\/www.yadvashem.org\/de.html<\/a><\/strong><\/li>\n<li><a href=\"https:\/\/www.yadvashem.org\/righteous.html\"><strong>https:\/\/www.yadvashem.org\/righteous.html<\/strong><\/a><\/li>\n<\/ul>\n<p>Und dann sollen auch noch die nicht so ber\u00fchmten oder geehrten Personen erw\u00e4hnt werden, deren selbstloses Handeln \u00fcber die Jahre in Vergessenheit geraten ist und deren Namen nicht in Gedenkst\u00e4tten verankert oder im Internet dokumentiert sind.<\/p>\n<p>Beispielhaft wird mit dieser Webseite denjenigen in Cadenberge gedacht, die Arthur und Eugenie in den dunklen Jahren der 1930er und 1940er Jahre stillschweigend Hilfe und Unterst\u00fctzung zur Verf\u00fcgung stellten.<\/p>\n<p><strong>Hinterbliebene . . . <\/strong><\/p>\n<p>Der Mut der \u00dcberlebenden findet sich auf vielen Seiten des Internets. Die wohl umfassendsten Quellen f\u00fcr audiovisuelle Materialien sind jedoch die Archive des Holocaust-Museums der Vereinigten Staaten und auch in Yad Vashem. Beide bieten Datenbanken, auf die mit den folgenden Internet-Links zugegriffen werden kann.<\/p>\n<ul>\n<li><a href=\"https:\/\/www.yadvashem.org\/collections\/testimonies.html\"><strong>https:\/\/www.yadvashem.org\/collections\/testimonies.html<\/strong><\/a><\/li>\n<li><a href=\"https:\/\/collections.ushmm.org\/search\/?f%5Bf_testimony%5D%5B%5D=avinterviews&amp;f%5Brecord_type_facet%5D%5B%5D=Oral+History&amp;per_page=50&amp;sort=score+desc\"><strong>https:\/\/collections.ushmm.org\/search\/?f%5Bf_testimony%5D%5B%5D=avinterviews&amp;f%5Brecord_type_facet%5D%5B%5D=Oral+History&amp;per_page=50&amp;sort=score+desc<\/strong><\/a><\/li>\n<\/ul>\n<p>In den dortigen Eintr\u00e4gen ist die Zahl der Zeugenaussagen, die gemacht werden, um Versprechen gegen\u00fcber ermordeten Familienmitgliedern zu erf\u00fcllen, besonders auff\u00e4llig.<\/p>\n<p>Dabei wird immer wieder die besondere Bedeutung betont, keinen Hass zu hegen, sondern zukunftsorientiert zu leben. Diese beiden Eigenschaften charakterisieren auch das Leben von Arthur Samuel. Es sind vielleicht diese beiden Konzepte, die am wichtigsten sind, um sicherzustellen, dass die Schrecken der Nazizeit nicht vergessen und vor allem nicht wiederholt werden.<\/p>\n<p>Und so wird durch diese Webseite eine weitere Reihe von Erinnerungen bewahrt, die von Arthur und Eugenie Samuel und ihren Mitb\u00fcrgerInnen in der kleinen Gemeinde Cadenberge in Niedersachsen erz\u00e4hlen.<\/p>\n<p>Unser Projekt ist das Ergebnis eines gl\u00fccklichen Zufalls, der zwei engagierte deutsche Br\u00fcder aus dieser Ortschaft in Kontakt gebracht hat mit einem amerikanischen Kollegen. Zu dritt haben sie die Initiative zu dieser Website ergriffen. Und eine ihrer st\u00e4rksten Verbindungen war, dass sie alle drei in unterschiedlichen Phasen ihres Lebens die Menschlichkeit des einsamen Juden, der die Nazizeit in Cadenberge \u00fcberlebte, direkt erlebt haben.<\/p>\n<p>Wir kannten Arthur Samuel.<\/p>\n<\/div><\/div><\/div><div class=\"fusion-layout-column fusion_builder_column fusion-builder-column-2 fusion_builder_column_1_6 1_6 fusion-flex-column fusion-no-small-visibility fusion-no-medium-visibility\" style=\"--awb-bg-blend:overlay;--awb-bg-size:cover;--awb-width-large:16.666666666667%;--awb-margin-top-large:0px;--awb-spacing-right-large:11.52%;--awb-margin-bottom-large:20px;--awb-spacing-left-large:11.52%;--awb-width-medium:100%;--awb-spacing-right-medium:1.92%;--awb-spacing-left-medium:1.92%;--awb-width-small:100%;--awb-spacing-right-small:1.92%;--awb-spacing-left-small:1.92%;\"><div class=\"fusion-column-wrapper fusion-flex-justify-content-flex-start fusion-content-layout-column\"><\/div><\/div><\/div><\/div>\n","protected":false},"excerpt":{"rendered":"","protected":false},"author":1,"featured_media":1132,"parent":0,"menu_order":0,"comment_status":"closed","ping_status":"closed","template":"100-width.php","meta":{"footnotes":""},"class_list":["post-1298","page","type-page","status-publish","has-post-thumbnail","hentry"],"_links":{"self":[{"href":"https:\/\/arthur-samuel.de\/en\/wp-json\/wp\/v2\/pages\/1298","targetHints":{"allow":["GET"]}}],"collection":[{"href":"https:\/\/arthur-samuel.de\/en\/wp-json\/wp\/v2\/pages"}],"about":[{"href":"https:\/\/arthur-samuel.de\/en\/wp-json\/wp\/v2\/types\/page"}],"author":[{"embeddable":true,"href":"https:\/\/arthur-samuel.de\/en\/wp-json\/wp\/v2\/users\/1"}],"replies":[{"embeddable":true,"href":"https:\/\/arthur-samuel.de\/en\/wp-json\/wp\/v2\/comments?post=1298"}],"version-history":[{"count":7,"href":"https:\/\/arthur-samuel.de\/en\/wp-json\/wp\/v2\/pages\/1298\/revisions"}],"predecessor-version":[{"id":1808,"href":"https:\/\/arthur-samuel.de\/en\/wp-json\/wp\/v2\/pages\/1298\/revisions\/1808"}],"wp:featuredmedia":[{"embeddable":true,"href":"https:\/\/arthur-samuel.de\/en\/wp-json\/wp\/v2\/media\/1132"}],"wp:attachment":[{"href":"https:\/\/arthur-samuel.de\/en\/wp-json\/wp\/v2\/media?parent=1298"}],"curies":[{"name":"wp","href":"https:\/\/api.w.org\/{rel}","templated":true}]}}