{"id":1291,"date":"2022-09-22T10:38:51","date_gmt":"2022-09-22T08:38:51","guid":{"rendered":"https:\/\/arthur-samuel.de\/?page_id=1291"},"modified":"2025-07-20T16:42:57","modified_gmt":"2025-07-20T14:42:57","slug":"das-schicksal-der-familie-in-der-zweiten-generation-getoetet-geflohen-und-geografisch-weit-verteilt-ueberlebt","status":"publish","type":"page","link":"https:\/\/arthur-samuel.de\/en\/das-schicksal-der-familie-in-der-zweiten-generation-getoetet-geflohen-und-geografisch-weit-verteilt-ueberlebt\/","title":{"rendered":"The fate of the second generation of the family\u2013 killed, fled, survived and geographically scattered"},"content":{"rendered":"<div class=\"fusion-fullwidth fullwidth-box fusion-builder-row-1 fusion-flex-container has-pattern-background has-mask-background nonhundred-percent-fullwidth non-hundred-percent-height-scrolling\" style=\"--awb-background-position:left top;--awb-border-sizes-top:0px;--awb-border-sizes-bottom:0px;--awb-border-sizes-left:0px;--awb-border-sizes-right:0px;--awb-border-radius-top-left:0px;--awb-border-radius-top-right:0px;--awb-border-radius-bottom-right:0px;--awb-border-radius-bottom-left:0px;--awb-padding-top:40px;--awb-padding-bottom:45px;--awb-background-color:var(--awb-color2);--awb-flex-wrap:wrap;\" ><div class=\"fusion-builder-row fusion-row fusion-flex-align-items-flex-start fusion-flex-content-wrap\" style=\"max-width:1216.8px;margin-left: calc(-4% \/ 2 );margin-right: calc(-4% \/ 2 );\"><div class=\"fusion-layout-column fusion_builder_column fusion-builder-column-0 fusion_builder_column_1_6 1_6 fusion-flex-column fusion-no-small-visibility fusion-no-medium-visibility\" style=\"--awb-bg-blend:overlay;--awb-bg-size:cover;--awb-width-large:16.666666666667%;--awb-margin-top-large:0px;--awb-spacing-right-large:11.52%;--awb-margin-bottom-large:20px;--awb-spacing-left-large:11.52%;--awb-width-medium:100%;--awb-spacing-right-medium:1.92%;--awb-spacing-left-medium:1.92%;--awb-width-small:100%;--awb-spacing-right-small:1.92%;--awb-spacing-left-small:1.92%;\"><div class=\"fusion-column-wrapper fusion-flex-justify-content-flex-start fusion-content-layout-column\"><\/div><\/div><div class=\"fusion-layout-column fusion_builder_column fusion-builder-column-1 fusion_builder_column_2_3 2_3 fusion-flex-column\" style=\"--awb-bg-blend:overlay;--awb-bg-size:cover;--awb-width-large:66.666666666667%;--awb-margin-top-large:0px;--awb-spacing-right-large:0px;--awb-margin-bottom-large:0px;--awb-spacing-left-large:0px;--awb-width-medium:100%;--awb-order-medium:0;--awb-spacing-right-medium:1.92%;--awb-spacing-left-medium:1.92%;--awb-width-small:100%;--awb-order-small:0;--awb-spacing-right-small:1.92%;--awb-spacing-left-small:1.92%;\"><div class=\"fusion-column-wrapper fusion-column-has-shadow fusion-flex-justify-content-flex-start fusion-content-layout-column\"><div class=\"fusion-text fusion-text-1\" style=\"--awb-font-size:18px;--awb-line-height:1.4em;--awb-text-font-family:&quot;PT Sans&quot;;--awb-text-font-style:normal;--awb-text-font-weight:400;\"><p>Zur zweiten Generation der Familie von Arthur Samuel geh\u00f6ren 14 Neffen und Nichten. Fast alle wurden in H\u00fcls (heute Nordrhein-Westfalen) geboren; das \u00e4lteste Kind Ernst im Jahr 1898, das j\u00fcngste Kind Helga im Jahr 1929.<\/p>\n<p>Acht Angeh\u00f6rige aus dieser Generation \u00fcberlebten die Nazi-Zeit, nachdem sie in den 1930er Jahren aus Deutschland und in einem Fall aus Holland geflohen waren.<\/p>\n<p>Drei Verwandte wurden in Konzentrationslagern im Osten zusammen mit ihren Familien get\u00f6tet.<\/p>\n<p>Ein Mitglied dieser Generation starb 1930 in H\u00fcls und das Schicksal von zwei anderen ist unbekannt.<\/p>\n<p>Die meisten \u00dcberlebenden reisten so weit weg von Europa, wie es damals m\u00f6glich war; vier nach S\u00fcdafrika und zwei nach Australien. Die zwei anderen fanden eine Zuflucht in England. (Siehe Grafik hier) Das Leben aller acht \u00dcberlebenden der zweiten Generation war in den Jahren vor und nach der Emigration sehr schwierig. Die M\u00fchen einiger waren wirklich entsetzlich. Ein kurzer \u00dcberblick \u00fcber ihre Ausreise aus Deutschland, geordnet nach Einwanderungsl\u00e4ndern,\u00a0wird im Men\u00fcpunkt \u00bbArchiv\u00ab pr\u00e4sentiert, ebenso wie das Schicksal ihrer verstorbenen Cousins.<\/p>\n<\/div><div class=\"fusion-image-element \" style=\"--awb-margin-bottom:20px;--awb-caption-title-font-family:var(--h2_typography-font-family);--awb-caption-title-font-weight:var(--h2_typography-font-weight);--awb-caption-title-font-style:var(--h2_typography-font-style);--awb-caption-title-size:var(--h2_typography-font-size);--awb-caption-title-transform:var(--h2_typography-text-transform);--awb-caption-title-line-height:var(--h2_typography-line-height);--awb-caption-title-letter-spacing:var(--h2_typography-letter-spacing);\"><span class=\" fusion-imageframe imageframe-none imageframe-1 hover-type-none\"><a href=\"https:\/\/arthur-samuel.de\/wp-content\/uploads\/2022\/11\/The-Second-Generation.jpg\" class=\"fusion-lightbox\" data-rel=\"iLightbox[87f0fd1448c50a36aaf]\" data-title=\"The-Second-Generation\" title=\"The-Second-Generation\"><img decoding=\"async\" width=\"1920\" height=\"1080\" src=\"https:\/\/arthur-samuel.de\/wp-content\/uploads\/2022\/11\/The-Second-Generation.jpg\" data-orig-src=\"https:\/\/arthur-samuel.de\/wp-content\/uploads\/2022\/11\/The-Second-Generation.jpg\" alt class=\"lazyload img-responsive wp-image-1331\" srcset=\"data:image\/svg+xml,%3Csvg%20xmlns%3D%27http%3A%2F%2Fwww.w3.org%2F2000%2Fsvg%27%20width%3D%271920%27%20height%3D%271080%27%20viewBox%3D%270%200%201920%201080%27%3E%3Crect%20width%3D%271920%27%20height%3D%271080%27%20fill-opacity%3D%220%22%2F%3E%3C%2Fsvg%3E\" data-srcset=\"https:\/\/arthur-samuel.de\/wp-content\/uploads\/2022\/11\/The-Second-Generation-200x113.jpg 200w, https:\/\/arthur-samuel.de\/wp-content\/uploads\/2022\/11\/The-Second-Generation-400x225.jpg 400w, https:\/\/arthur-samuel.de\/wp-content\/uploads\/2022\/11\/The-Second-Generation-600x338.jpg 600w, https:\/\/arthur-samuel.de\/wp-content\/uploads\/2022\/11\/The-Second-Generation-800x450.jpg 800w, https:\/\/arthur-samuel.de\/wp-content\/uploads\/2022\/11\/The-Second-Generation-1200x675.jpg 1200w, https:\/\/arthur-samuel.de\/wp-content\/uploads\/2022\/11\/The-Second-Generation.jpg 1920w\" data-sizes=\"auto\" data-orig-sizes=\"(max-width: 924px) 100vw, (max-width: 640px) 100vw, 800px\" \/><\/a><\/span><\/div><div class=\"fusion-text fusion-text-2\" style=\"--awb-font-size:18px;--awb-line-height:1.4em;--awb-text-font-family:&quot;PT Sans&quot;;--awb-text-font-style:normal;--awb-text-font-weight:400;\"><p><em>Aufenthaltsorte der Nichten und Neffen von Arthur Samuel ca. 1958.<\/em><\/p>\n<p><em>(Grafik erstellt nach Unterlagen der Familie)<br \/>\n<\/em><\/p>\n<\/div><div class=\"fusion-text fusion-text-3\" style=\"--awb-font-size:18px;--awb-line-height:1.4em;--awb-text-font-family:&quot;PT Sans&quot;;--awb-text-font-style:normal;--awb-text-font-weight:400;\"><h3>Arthur und Eugenie von der Familie isoliert<\/h3>\n<p>Mehrere der \u00fcberlebenden Angeh\u00f6rigen aus der zweiten Generation nahmen nach dem Krieg wieder Kontakt zueinander und zu Arthur auf. Aber nur dem Neffen Fritz (der Sohn von Arthurs Schwester Emilie) war es zu dieser Zeit m\u00f6glich, internationale Reisen zu unternehmen. Diese ungl\u00fcckliche Situation f\u00fchrte dazu, dass es mit nur wenigen Ausnahmen, f\u00fcr Arthur und Eugenie in Cadenberge nach dem 2. Weltkrieg fast gar keinen pers\u00f6nlichen Kontakt zu den nahen Verwandten gab. So kam es lediglich zu ein oder zwei Besuchen in den 1950er Jahren durch den Neffen Fritz.<\/p>\n<p>Und es gab einen Besuch Mitte der 1960er Jahre durch Henry Irwig, einer der Autoren dieses Textes, der ein Enkel von Arthurs Schwester Emilie ist. \u00dcber seinen Besuch schreibt er wie folgt:<\/p>\n<p>Arthurs Frau Eugenie starb 1956 und seine Schwester Emilie 1958.<\/p>\n<p>\u201eIm Jahr 1964, im Alter von 21 Jahren, fuhr ich zum Besuch nach Cadenberge. Die Entscheidung, in dieses Land zu fahren, das mit dem gr\u00f6\u00dften Teil unserer Familie so brutal unmenschlich verfahren ist, fiel mir damals nicht leicht. Ich arbeitete zu diesem Zeitpunkt f\u00fcr ein Jahr in London und wollte dann nach S\u00fcdafrika zur\u00fcckkehren, um mein Architekturstudium abzuschlie\u00dfen. Mein Gro\u00dfonkel Arthur war zu dieser Zeit 84 Jahre alt und deshalb schien es mir die letzte Gelegenheit, dass ein Mitglied aus der ersten und der dritten Generation der Familie Samuel einige Zeit miteinander verbringen konnten.<\/p>\n<p>Per F\u00e4hre \u00fcber den \u00c4rmelkanal reiste ich im Anschluss mit der Bahn nach Hamburg und dann weiter nach Cadenberge. Dort wurde ich am Bahnhof von Arthur und seinem geliebten Hund empfangen. Ganz in der N\u00e4he stand Arthurs Haus in der Osterstra\u00dfe. Obwohl mein Gro\u00dfonkel und ich uns noch nie zuvor getroffen hatten, entstand sofort eine enge Beziehung. Arthur war erkennbar sehr erfreut, endlich wieder Zeit mit einem Familienmitglied verbringen zu k\u00f6nnen. Die Aufnahme bei ihm Zuhause war herzlich. Arthur wurde unterst\u00fctzt von einem Helfer, der t\u00e4gliche Besorgungen erledigte und mit meinem Gro\u00dfonkel auf Plattdeutsch kommunizierte. Ich erinnere mich an Arthurs Erstaunen dar\u00fcber, dass ich Teile der Unterhaltung verstehen konnte. Es gibt n\u00e4mlich eine gro\u00dfe \u00c4hnlichkeit zwischen dem Plattdeutschen und Afrikaans, der Sprache, die jedes Schulkind in S\u00fcdafrika beherrschen musste.<\/p>\n<p>W\u00e4hrend des nur wenige Tage dauernden Besuchs sprachen mein Gro\u00dfonkel und ich haupts\u00e4chlich \u00fcber das gegenw\u00e4rtige Leben. Arthur wollte auch \u00fcber Eugenie sprechen und mehr \u00fcber seine Schwester Emilie und ihr Leben in S\u00fcdafrika erfahren. Die Vergangenheit und die N\u00f6te der NS-Zeit wurden nicht er\u00f6rtert. Der Besuch war f\u00fcr Arthur und mich gleicherma\u00dfen ein ganz besonderes Erlebnis, sicher auch inspiriert durch die emotionale Verbindung meines Gro\u00dfonkels zu seiner Schwester Emilie, meiner Gro\u00dfmutter. Beide sind mir als sympathisch, mitf\u00fchlend, nicht wertend, aber direkt, in lieber Erinnerung geblieben.\u201d<\/p>\n<\/div><div class=\"fusion-builder-row fusion-builder-row-inner fusion-row fusion-flex-align-items-flex-start fusion-flex-content-wrap\" style=\"--awb-flex-grow:0;--awb-flex-grow-medium:0;--awb-flex-grow-small:0;--awb-flex-shrink:0;--awb-flex-shrink-medium:0;--awb-flex-shrink-small:0;width:104% !important;max-width:104% !important;margin-left: calc(-4% \/ 2 );margin-right: calc(-4% \/ 2 );\"><div class=\"fusion-layout-column fusion_builder_column_inner fusion-builder-nested-column-0 fusion_builder_column_inner_1_3 1_3 fusion-flex-column\" style=\"--awb-bg-size:cover;--awb-width-large:33.333333333333%;--awb-margin-top-large:0px;--awb-spacing-right-large:5.76%;--awb-margin-bottom-large:20px;--awb-spacing-left-large:5.76%;--awb-width-medium:100%;--awb-order-medium:0;--awb-spacing-right-medium:1.92%;--awb-spacing-left-medium:1.92%;--awb-width-small:100%;--awb-order-small:0;--awb-spacing-right-small:1.92%;--awb-spacing-left-small:1.92%;\"><div class=\"fusion-column-wrapper fusion-column-has-shadow fusion-flex-justify-content-flex-start fusion-content-layout-column\"><div class=\"fusion-image-element \" style=\"--awb-caption-title-font-family:var(--h2_typography-font-family);--awb-caption-title-font-weight:var(--h2_typography-font-weight);--awb-caption-title-font-style:var(--h2_typography-font-style);--awb-caption-title-size:var(--h2_typography-font-size);--awb-caption-title-transform:var(--h2_typography-text-transform);--awb-caption-title-line-height:var(--h2_typography-line-height);--awb-caption-title-letter-spacing:var(--h2_typography-letter-spacing);\"><span class=\" fusion-imageframe imageframe-none imageframe-2 hover-type-none\"><a href=\"https:\/\/arthur-samuel.de\/wp-content\/uploads\/2022\/11\/1946-Letter-from-Arthur-to-Emilie-1.jpg\" class=\"fusion-lightbox\" data-rel=\"iLightbox[3761644ddbb23625e9f]\" data-title=\"1946-Letter-from-Arthur-to-Emilie-1\" title=\"1946-Letter-from-Arthur-to-Emilie-1\"><img decoding=\"async\" width=\"800\" height=\"1294\" src=\"https:\/\/arthur-samuel.de\/wp-content\/uploads\/2022\/11\/1946-Letter-from-Arthur-to-Emilie-1.jpg\" data-orig-src=\"https:\/\/arthur-samuel.de\/wp-content\/uploads\/2022\/11\/1946-Letter-from-Arthur-to-Emilie-1.jpg\" alt class=\"lazyload img-responsive wp-image-1494\" srcset=\"data:image\/svg+xml,%3Csvg%20xmlns%3D%27http%3A%2F%2Fwww.w3.org%2F2000%2Fsvg%27%20width%3D%27800%27%20height%3D%271294%27%20viewBox%3D%270%200%20800%201294%27%3E%3Crect%20width%3D%27800%27%20height%3D%271294%27%20fill-opacity%3D%220%22%2F%3E%3C%2Fsvg%3E\" data-srcset=\"https:\/\/arthur-samuel.de\/wp-content\/uploads\/2022\/11\/1946-Letter-from-Arthur-to-Emilie-1-200x324.jpg 200w, https:\/\/arthur-samuel.de\/wp-content\/uploads\/2022\/11\/1946-Letter-from-Arthur-to-Emilie-1-400x647.jpg 400w, https:\/\/arthur-samuel.de\/wp-content\/uploads\/2022\/11\/1946-Letter-from-Arthur-to-Emilie-1-600x971.jpg 600w, https:\/\/arthur-samuel.de\/wp-content\/uploads\/2022\/11\/1946-Letter-from-Arthur-to-Emilie-1.jpg 800w\" data-sizes=\"auto\" data-orig-sizes=\"(max-width: 924px) 100vw, (max-width: 640px) 100vw, 400px\" \/><\/a><\/span><\/div><\/div><\/div><div class=\"fusion-layout-column fusion_builder_column_inner fusion-builder-nested-column-1 fusion_builder_column_inner_1_3 1_3 fusion-flex-column\" style=\"--awb-bg-size:cover;--awb-width-large:33.333333333333%;--awb-margin-top-large:0px;--awb-spacing-right-large:5.76%;--awb-margin-bottom-large:20px;--awb-spacing-left-large:5.76%;--awb-width-medium:100%;--awb-order-medium:0;--awb-spacing-right-medium:1.92%;--awb-spacing-left-medium:1.92%;--awb-width-small:100%;--awb-order-small:0;--awb-spacing-right-small:1.92%;--awb-spacing-left-small:1.92%;\"><div class=\"fusion-column-wrapper fusion-column-has-shadow fusion-flex-justify-content-flex-start fusion-content-layout-column\"><div class=\"fusion-image-element \" style=\"--awb-caption-title-font-family:var(--h2_typography-font-family);--awb-caption-title-font-weight:var(--h2_typography-font-weight);--awb-caption-title-font-style:var(--h2_typography-font-style);--awb-caption-title-size:var(--h2_typography-font-size);--awb-caption-title-transform:var(--h2_typography-text-transform);--awb-caption-title-line-height:var(--h2_typography-line-height);--awb-caption-title-letter-spacing:var(--h2_typography-letter-spacing);\"><span class=\" fusion-imageframe imageframe-none imageframe-3 hover-type-none\"><a href=\"https:\/\/arthur-samuel.de\/wp-content\/uploads\/2022\/11\/1946-Letter-from-Arthur-to-Emilie-2.jpg\" class=\"fusion-lightbox\" data-rel=\"iLightbox[030d93eea358a6b6970]\" data-title=\"1946-Letter-from-Arthur-to-Emilie-2\" title=\"1946-Letter-from-Arthur-to-Emilie-2\"><img decoding=\"async\" width=\"800\" height=\"1117\" src=\"https:\/\/arthur-samuel.de\/wp-content\/uploads\/2022\/11\/1946-Letter-from-Arthur-to-Emilie-2.jpg\" data-orig-src=\"https:\/\/arthur-samuel.de\/wp-content\/uploads\/2022\/11\/1946-Letter-from-Arthur-to-Emilie-2.jpg\" alt class=\"lazyload img-responsive wp-image-1495\" srcset=\"data:image\/svg+xml,%3Csvg%20xmlns%3D%27http%3A%2F%2Fwww.w3.org%2F2000%2Fsvg%27%20width%3D%27800%27%20height%3D%271117%27%20viewBox%3D%270%200%20800%201117%27%3E%3Crect%20width%3D%27800%27%20height%3D%271117%27%20fill-opacity%3D%220%22%2F%3E%3C%2Fsvg%3E\" data-srcset=\"https:\/\/arthur-samuel.de\/wp-content\/uploads\/2022\/11\/1946-Letter-from-Arthur-to-Emilie-2-200x279.jpg 200w, https:\/\/arthur-samuel.de\/wp-content\/uploads\/2022\/11\/1946-Letter-from-Arthur-to-Emilie-2-400x559.jpg 400w, https:\/\/arthur-samuel.de\/wp-content\/uploads\/2022\/11\/1946-Letter-from-Arthur-to-Emilie-2-600x838.jpg 600w, https:\/\/arthur-samuel.de\/wp-content\/uploads\/2022\/11\/1946-Letter-from-Arthur-to-Emilie-2.jpg 800w\" data-sizes=\"auto\" data-orig-sizes=\"(max-width: 924px) 100vw, (max-width: 640px) 100vw, 400px\" \/><\/a><\/span><\/div><\/div><\/div><div class=\"fusion-layout-column fusion_builder_column_inner fusion-builder-nested-column-2 fusion_builder_column_inner_1_3 1_3 fusion-flex-column\" style=\"--awb-bg-size:cover;--awb-width-large:33.333333333333%;--awb-margin-top-large:0px;--awb-spacing-right-large:5.76%;--awb-margin-bottom-large:20px;--awb-spacing-left-large:5.76%;--awb-width-medium:100%;--awb-order-medium:0;--awb-spacing-right-medium:1.92%;--awb-spacing-left-medium:1.92%;--awb-width-small:100%;--awb-order-small:0;--awb-spacing-right-small:1.92%;--awb-spacing-left-small:1.92%;\"><div class=\"fusion-column-wrapper fusion-column-has-shadow fusion-flex-justify-content-flex-start fusion-content-layout-column\"><div class=\"fusion-image-element \" style=\"--awb-caption-title-font-family:var(--h2_typography-font-family);--awb-caption-title-font-weight:var(--h2_typography-font-weight);--awb-caption-title-font-style:var(--h2_typography-font-style);--awb-caption-title-size:var(--h2_typography-font-size);--awb-caption-title-transform:var(--h2_typography-text-transform);--awb-caption-title-line-height:var(--h2_typography-line-height);--awb-caption-title-letter-spacing:var(--h2_typography-letter-spacing);\"><span class=\" fusion-imageframe imageframe-none imageframe-4 hover-type-none\"><a href=\"https:\/\/arthur-samuel.de\/wp-content\/uploads\/2022\/11\/1946-Letter-from-Arthur-to-Emilie-3.jpg\" class=\"fusion-lightbox\" data-rel=\"iLightbox[d9f834687d020a3b1e0]\" data-title=\"1946-Letter-from-Arthur-to-Emilie-3\" title=\"1946-Letter-from-Arthur-to-Emilie-3\"><img decoding=\"async\" width=\"800\" height=\"1122\" src=\"https:\/\/arthur-samuel.de\/wp-content\/uploads\/2022\/11\/1946-Letter-from-Arthur-to-Emilie-3.jpg\" data-orig-src=\"https:\/\/arthur-samuel.de\/wp-content\/uploads\/2022\/11\/1946-Letter-from-Arthur-to-Emilie-3.jpg\" alt class=\"lazyload img-responsive wp-image-1496\" srcset=\"data:image\/svg+xml,%3Csvg%20xmlns%3D%27http%3A%2F%2Fwww.w3.org%2F2000%2Fsvg%27%20width%3D%27800%27%20height%3D%271122%27%20viewBox%3D%270%200%20800%201122%27%3E%3Crect%20width%3D%27800%27%20height%3D%271122%27%20fill-opacity%3D%220%22%2F%3E%3C%2Fsvg%3E\" data-srcset=\"https:\/\/arthur-samuel.de\/wp-content\/uploads\/2022\/11\/1946-Letter-from-Arthur-to-Emilie-3-200x281.jpg 200w, https:\/\/arthur-samuel.de\/wp-content\/uploads\/2022\/11\/1946-Letter-from-Arthur-to-Emilie-3-400x561.jpg 400w, https:\/\/arthur-samuel.de\/wp-content\/uploads\/2022\/11\/1946-Letter-from-Arthur-to-Emilie-3-600x842.jpg 600w, https:\/\/arthur-samuel.de\/wp-content\/uploads\/2022\/11\/1946-Letter-from-Arthur-to-Emilie-3.jpg 800w\" data-sizes=\"auto\" data-orig-sizes=\"(max-width: 924px) 100vw, (max-width: 640px) 100vw, 400px\" \/><\/a><\/span><\/div><\/div><\/div><\/div><div class=\"fusion-text fusion-text-4\" style=\"--awb-font-size:18px;--awb-line-height:1.4em;--awb-text-font-family:&quot;PT Sans&quot;;--awb-text-font-style:normal;--awb-text-font-weight:400;\"><p><em>Das erste Lebenszeichen nach der Nazi-Barbarei. Arthur hat erst im Mai 1946 die M\u00f6glichkeit, seiner Schwester Emilie einige Zeilen zu schreiben.<br \/>\n(Quelle: Privat, Familienbesitz).<br \/>\n<\/em><\/p>\n<\/div><div class=\"fusion-text fusion-text-5\" style=\"--awb-font-size:18px;--awb-line-height:1.4em;--awb-text-font-family:&quot;PT Sans&quot;;--awb-text-font-style:normal;--awb-text-font-weight:400;\"><h3>Der Neubeginn<\/h3>\n<p>Nach einigen Jahren in ihren Wahlheimatl\u00e4ndern gr\u00fcndeten die meisten Neffen von Arthur ein eigenes Unternehmen, so wie auch die Eltern von Henry, Kate und Herbert. Zu den Branchen geh\u00f6rten: Lampenschirmherstellung (Fritz und Erich in Durban, S\u00fcdafrika), Krawattenfertigung (Werner in Sydney, Australien), Klempnerarbeiten (Heinz in Sydney, Australien) und ein Lebensmittelgesch\u00e4ft \/Supermarkt (Kate und Herbert in Johannesburg, S\u00fcdafrika). Alle diese Unternehmen florierten und wurden zum Teil zu wichtigen nationalen und sogar internationalen Akteuren. Diese wirtschaftlichen T\u00e4tigkeiten verlangten sehr harte Arbeit und viele Entbehrungen von den Familien.<\/p>\n<p>Arthurs Neffe Erwin und seine beiden Nichten Grete und Hilde waren in Angestelltenverh\u00e4ltnissen t\u00e4tig. Erwin viele Jahrzehnte als leitender Kostenbuchhalter, Grete in einer administrativen Position im Zentrum von London, Hilde bis zu ihrer Hochzeit viele Jahre als Dienstm\u00e4dchen und Haush\u00e4lterin bei einer j\u00fcdischen Familie in London.<\/p>\n<h3>Die Familie heute<\/h3>\n<p>Nach dem Krieg hatte die Familie Samuel sieben Kinder, die alle auf der S\u00fcdhalbkugel der Erde geboren wurden, zwei in S\u00fcdafrika und f\u00fcnf in Australien. Diese dritte Generation hatte ein Geschwisterchen weniger als Arthurs Generation und war halb so gro\u00df wie die zweite Generation, bestehend aus Arthurs Nichten und Neffen. Dieser R\u00fcckgang ist angesichts des Todes so vieler Angeh\u00f6riger und den traumatischen Auswirkungen der Nazizeit nicht verwunderlich.<\/p>\n<p>Zur vierten Generation mit den Ururenkeln von Arthurs Schwester Emilie und Bruder Meinhard geh\u00f6ren zw\u00f6lf Familienmitglieder.\u00a0Zehn leben in Australien, eines in den USA und eines in Europa.<\/p>\n<p>Fast ein Jahrhundert nach einer Generation, die aus 14 Geschwistern bestand, ist die Zahl der Nachfahren gesunken und nur einer von ihnen ist nach Europa zur\u00fcckgekehrt.<\/p>\n<\/div><\/div><\/div><div class=\"fusion-layout-column fusion_builder_column fusion-builder-column-2 fusion_builder_column_1_6 1_6 fusion-flex-column fusion-no-small-visibility fusion-no-medium-visibility\" style=\"--awb-bg-blend:overlay;--awb-bg-size:cover;--awb-width-large:16.666666666667%;--awb-margin-top-large:0px;--awb-spacing-right-large:11.52%;--awb-margin-bottom-large:20px;--awb-spacing-left-large:11.52%;--awb-width-medium:100%;--awb-spacing-right-medium:1.92%;--awb-spacing-left-medium:1.92%;--awb-width-small:100%;--awb-spacing-right-small:1.92%;--awb-spacing-left-small:1.92%;\"><div class=\"fusion-column-wrapper fusion-flex-justify-content-flex-start fusion-content-layout-column\"><\/div><\/div><\/div><\/div>\n","protected":false},"excerpt":{"rendered":"","protected":false},"author":1,"featured_media":1132,"parent":0,"menu_order":0,"comment_status":"closed","ping_status":"closed","template":"100-width.php","meta":{"footnotes":""},"class_list":["post-1291","page","type-page","status-publish","has-post-thumbnail","hentry"],"_links":{"self":[{"href":"https:\/\/arthur-samuel.de\/en\/wp-json\/wp\/v2\/pages\/1291","targetHints":{"allow":["GET"]}}],"collection":[{"href":"https:\/\/arthur-samuel.de\/en\/wp-json\/wp\/v2\/pages"}],"about":[{"href":"https:\/\/arthur-samuel.de\/en\/wp-json\/wp\/v2\/types\/page"}],"author":[{"embeddable":true,"href":"https:\/\/arthur-samuel.de\/en\/wp-json\/wp\/v2\/users\/1"}],"replies":[{"embeddable":true,"href":"https:\/\/arthur-samuel.de\/en\/wp-json\/wp\/v2\/comments?post=1291"}],"version-history":[{"count":2,"href":"https:\/\/arthur-samuel.de\/en\/wp-json\/wp\/v2\/pages\/1291\/revisions"}],"predecessor-version":[{"id":1799,"href":"https:\/\/arthur-samuel.de\/en\/wp-json\/wp\/v2\/pages\/1291\/revisions\/1799"}],"wp:featuredmedia":[{"embeddable":true,"href":"https:\/\/arthur-samuel.de\/en\/wp-json\/wp\/v2\/media\/1132"}],"wp:attachment":[{"href":"https:\/\/arthur-samuel.de\/en\/wp-json\/wp\/v2\/media?parent=1291"}],"curies":[{"name":"wp","href":"https:\/\/api.w.org\/{rel}","templated":true}]}}