{"id":1269,"date":"2022-08-29T23:31:44","date_gmt":"2022-08-29T21:31:44","guid":{"rendered":"https:\/\/arthur-samuel.de\/?page_id=1269"},"modified":"2025-07-20T16:40:10","modified_gmt":"2025-07-20T14:40:10","slug":"die-besondere-rolle-der-ehefrau-eugenie","status":"publish","type":"page","link":"https:\/\/arthur-samuel.de\/en\/die-besondere-rolle-der-ehefrau-eugenie\/","title":{"rendered":"The special role of Eugenie"},"content":{"rendered":"<div class=\"fusion-fullwidth fullwidth-box fusion-builder-row-1 fusion-flex-container has-pattern-background has-mask-background nonhundred-percent-fullwidth non-hundred-percent-height-scrolling\" style=\"--awb-background-position:left top;--awb-border-sizes-top:0px;--awb-border-sizes-bottom:0px;--awb-border-sizes-left:0px;--awb-border-sizes-right:0px;--awb-border-radius-top-left:0px;--awb-border-radius-top-right:0px;--awb-border-radius-bottom-right:0px;--awb-border-radius-bottom-left:0px;--awb-padding-top:40px;--awb-padding-bottom:45px;--awb-background-color:var(--awb-color2);--awb-flex-wrap:wrap;\" ><div class=\"fusion-builder-row fusion-row fusion-flex-align-items-flex-start fusion-flex-content-wrap\" style=\"max-width:1216.8px;margin-left: calc(-4% \/ 2 );margin-right: calc(-4% \/ 2 );\"><div class=\"fusion-layout-column fusion_builder_column fusion-builder-column-0 fusion_builder_column_1_6 1_6 fusion-flex-column fusion-no-small-visibility fusion-no-medium-visibility\" style=\"--awb-bg-blend:overlay;--awb-bg-size:cover;--awb-width-large:16.666666666667%;--awb-margin-top-large:0px;--awb-spacing-right-large:11.52%;--awb-margin-bottom-large:20px;--awb-spacing-left-large:11.52%;--awb-width-medium:100%;--awb-spacing-right-medium:1.92%;--awb-spacing-left-medium:1.92%;--awb-width-small:100%;--awb-spacing-right-small:1.92%;--awb-spacing-left-small:1.92%;\"><div class=\"fusion-column-wrapper fusion-flex-justify-content-flex-start fusion-content-layout-column\"><\/div><\/div><div class=\"fusion-layout-column fusion_builder_column fusion-builder-column-1 fusion_builder_column_2_3 2_3 fusion-flex-column\" style=\"--awb-bg-blend:overlay;--awb-bg-size:cover;--awb-width-large:66.666666666667%;--awb-margin-top-large:0px;--awb-spacing-right-large:0px;--awb-margin-bottom-large:0px;--awb-spacing-left-large:0px;--awb-width-medium:100%;--awb-order-medium:0;--awb-spacing-right-medium:1.92%;--awb-spacing-left-medium:1.92%;--awb-width-small:100%;--awb-order-small:0;--awb-spacing-right-small:1.92%;--awb-spacing-left-small:1.92%;\"><div class=\"fusion-column-wrapper fusion-column-has-shadow fusion-flex-justify-content-flex-start fusion-content-layout-column\"><div class=\"fusion-text fusion-text-1\" style=\"--awb-font-size:18px;--awb-line-height:1.4em;--awb-text-font-family:&quot;PT Sans&quot;;--awb-text-font-style:normal;--awb-text-font-weight:400;\"><p>Arthur und Eugenie heirateten im Jahr 1910 in Otterndorf, etwa 15 Kilometer nordwestlich von Cadenberge. Die Stadt war lange Zeit der Hauptort des Landes Hadeln und bis zur Gr\u00fcndung des Landkreises Cuxhaven im Jahr 1977 auch Kreisstadt.<\/p>\n<p>Beide Samuels waren zum Zeitpunkt der Trauung 30 Jahre alt und ihre Ehe dauerte 46 Jahre \u2013 im wahrsten Sinne des Wortes in guten und in schlechten Zeiten.<\/p>\n<p>Im Jahr 1917 zogen Eugenie und Arthur nach Cadenberge und teilten ihr Leben in dieser Gemeinschaft bis 1956, als Eugenie starb.<\/p>\n<h3>Eugenie Samuel (geb. Barnatzky)<\/h3>\n<p>Eugenie wurde 1880 in G\u00e4nglingen, Lothringen geboren. G\u00e4nglingen, heute Guinglange in der franz\u00f6sischen Moselregion, ist auch heute noch ein kleiner l\u00e4ndlicher Weiler mit nur wenigen hundert Einwohnern. Von dort bis nach Cadenberge sind es etwa 800 Kilometer, was damals als eine betr\u00e4chtliche Entfernung angesehen werden musste.<\/p>\n<p>Wann genau Eugenie nach Norddeutschland gezogen ist, bleibt im Nebel der Zeit verloren, ebenso wie die Umst\u00e4nde, die ihren Zuzug dorthin ausgel\u00f6st haben. Es k\u00f6nnte mit der politischen und religi\u00f6sen Instabilit\u00e4t der Region Elsass-Lothringen um die Wende zum 20. Jahrhundert zu tun haben. Vielleicht auch mit den relativ besseren Arbeitsm\u00f6glichkeiten im Norden oder, was jedoch noch viel weniger wahrscheinlich ist, mit einem Umzug der gesamten Familie Barnatzky, \u00fcber die bedauerlicherweise keinerlei Informationen bekannt sind.<\/p>\n<p>Leider bleiben auch Details des Werbens zwischen Eugenie und Arthur unbekannt. Sie heirateten in einem st\u00e4dtischen Standesamt, was sicherlich mit den unterschiedlichen relig\u00f6sen Hintergr\u00fcnden zu erkl\u00e4ren ist. In der Heiratsurkunde ist vermerkt, dass Eugenie evangelisch und Arthur Jude war. Weitere Hinweise, wie etwa \u00fcber die Teilnahme von Familienmitgliedern an der Trauungszeremonie, liegen nicht vor.<\/p>\n<p>Als Berufe werden in der Urkunde f\u00fcr Arthur Viehh\u00e4ndler und f\u00fcr Eugenie St\u00fctze (was z.B. im Rheinland eine umgangssprachliche Bezeichung f\u00fcr Haushaltshilfe ist) angegeben.<\/p>\n<h3>Eine Partnerschaft auf Augenh\u00f6he<\/h3>\n<p>Eugenie war in vielerlei Hinsicht eine enorm unterst\u00fctzende Partnerin f\u00fcr Arthur, auch was die gesch\u00e4ftlichen Dinge betrifft. So muss es auch zu Beginn der 1930er Jahr gewesen sein, als es juristische Auseinandersetzungen im Zusammenhang mit einer Klage von Dritten gegen Arthur wegen angeblich ausstehender Zahlungen gegeben hat. Eugenie konnte in dieser Zeit ihr positives und hilfreiches Verhandlungsgeschick unter Beweis stellen.<\/p>\n<\/div><div class=\"fusion-image-element \" style=\"--awb-margin-bottom:20px;--awb-caption-title-font-family:var(--h2_typography-font-family);--awb-caption-title-font-weight:var(--h2_typography-font-weight);--awb-caption-title-font-style:var(--h2_typography-font-style);--awb-caption-title-size:var(--h2_typography-font-size);--awb-caption-title-transform:var(--h2_typography-text-transform);--awb-caption-title-line-height:var(--h2_typography-line-height);--awb-caption-title-letter-spacing:var(--h2_typography-letter-spacing);\"><span class=\" fusion-imageframe imageframe-none imageframe-1 hover-type-none\"><a href=\"https:\/\/arthur-samuel.de\/wp-content\/uploads\/2022\/11\/brief.jpg\" class=\"fusion-lightbox\" data-rel=\"iLightbox[3a0415c44781e6f85ab]\" data-title=\"brief\" title=\"brief\"><img decoding=\"async\" width=\"1080\" height=\"1440\" src=\"https:\/\/arthur-samuel.de\/wp-content\/uploads\/2022\/11\/brief.jpg\" data-orig-src=\"https:\/\/arthur-samuel.de\/wp-content\/uploads\/2022\/11\/brief.jpg\" alt class=\"lazyload img-responsive wp-image-1369\" srcset=\"data:image\/svg+xml,%3Csvg%20xmlns%3D%27http%3A%2F%2Fwww.w3.org%2F2000%2Fsvg%27%20width%3D%271080%27%20height%3D%271440%27%20viewBox%3D%270%200%201080%201440%27%3E%3Crect%20width%3D%271080%27%20height%3D%271440%27%20fill-opacity%3D%220%22%2F%3E%3C%2Fsvg%3E\" data-srcset=\"https:\/\/arthur-samuel.de\/wp-content\/uploads\/2022\/11\/brief-200x267.jpg 200w, https:\/\/arthur-samuel.de\/wp-content\/uploads\/2022\/11\/brief-400x533.jpg 400w, https:\/\/arthur-samuel.de\/wp-content\/uploads\/2022\/11\/brief-600x800.jpg 600w, https:\/\/arthur-samuel.de\/wp-content\/uploads\/2022\/11\/brief-800x1067.jpg 800w, https:\/\/arthur-samuel.de\/wp-content\/uploads\/2022\/11\/brief.jpg 1080w\" data-sizes=\"auto\" data-orig-sizes=\"(max-width: 924px) 100vw, (max-width: 640px) 100vw, 800px\" \/><\/a><\/span><\/div><div class=\"fusion-text fusion-text-2\" style=\"--awb-font-size:18px;--awb-line-height:1.4em;--awb-text-font-family:&quot;PT Sans&quot;;--awb-text-font-style:normal;--awb-text-font-weight:400;\"><p><em>Handschriftlicher Vermerk von Eugenie Samuel aus dem Jahr 1954 an die Entsch\u00e4digungsbeh\u00f6rde beim Regierungspr\u00e4sidenten in Stade.<br \/>\n(Quelle: Nieders\u00e4chsichsisches Landesarchiv, Signatur NLA St Rep. 210 Nr. 2006. Wir bedanken uns f\u00fcr die Genehmigung.)<\/em><\/p>\n<\/div><div class=\"fusion-text fusion-text-3\" style=\"--awb-font-size:18px;--awb-line-height:1.4em;--awb-text-font-family:&quot;PT Sans&quot;;--awb-text-font-style:normal;--awb-text-font-weight:400;\"><p>Im Gegensatz zu vielen anderen Paaren, bei denen einer der Partner j\u00fcdisch war, lebten Eugenie und Arthur w\u00e4hrend der Nazizeit weiterhin zusammen in Cadenberge. W\u00e4hrend solche sogenannten \u201eMischehen\u201c damals un\u00fcblich waren, scheint es in Otterndorf noch ein Ehepaar gegeben zu haben, in dem eine J\u00fcdin mit einem Kirchendiener der dortigen evangelisch-lutherischen Kirche verheiratet war.<\/p>\n<p>Eugenies unersch\u00fctterliche Unterst\u00fctzung f\u00fcr Arthur setzte sich w\u00e4hrend der Nazi-Jahre fort, in denen sie viele Entbehrungen erlebte und ihre Gesundheit einb\u00fc\u00dfte, um sicherzustellen, dass sie und ihr Mann mit dem geringsten Existenzminimum versorgt w\u00fcrden. Als Arthurs Einkommen und die Ersparnisse der Familie im Wesentlichen ausgel\u00f6scht wurden und Arthur zu Stra\u00dfenbauarbeiten abkommandiert wurde, war Eugenie gezwungen, in einer Fischfabrik im nahe gelegenen Cuxhaven zu arbeiten. Da sie nie in einem Anstellungsverh\u00e4ltnis gearbeitet hatte, geriet sie in ungew\u00f6hnlich schwierige Umst\u00e4nde, weil sie im Alter von 60 Jahren in die Situation kam, schwere Kisten und F\u00e4sser zu heben und in Eiskisten und in Sole zu arbeiten. Die Tatsache, dass sie mit einem Juden verheiratet war, veranlasste die Fabrikbesitzer dazu, Eugenie den ausl\u00e4ndischen Arbeitern aus Russland und Polen zuzuteilen, die viel j\u00fcnger waren und deren Leistung sie trotz ihres Alters erreichen musste.<\/p>\n<p>Mehrfach konnten wir aus verschiedenen Quellen zur Kenntnis nehmen, dass Eugenie auch gerade trotz dieser Erniedrigungen und hohen Belastungen f\u00fcr ihren starken Charakter, ihre Gutm\u00fctigkeit und ihre Hilfsbereitschaft in der Nachbarschaft ger\u00fchmt wurde. Der gute Wille in der Gemeinschaft der Gemeinde l\u00e4sst sich daran ablesen, dass Eugenie von den B\u00fcrgerInnen Cadenberges hochgesch\u00e4tzt wurde und nie zum Opfer von Bel\u00e4stigungen und Beleidigungen geworden ist.<\/p>\n<p>Es wird niemanden \u00fcberraschen, dass Eugenie nach dem Krieg f\u00fcr invalide erkl\u00e4rt und vor allem als Opfer rassistischer Verfolgung anerkannt wurde.<\/p>\n<h3>Zum Gedenken<\/h3>\n<p>Fest steht, dass Eugenie und Arthur einander treu ergeben waren und dass Eugenie fest zu ihrer Vereinigung stand, ungeachtet der Unterschiede in Tradition, Religion und den Belastungen und Opfern, die sich aus der jahrelangen Verfolgung ergaben.<\/p>\n<p>Leider hatte das Paar keine Kinder. F\u00fcr die BewohnerInnen von Cadenberge ist jedoch der Erhalt des gemeinsamen Grabsteins weiterhin ein Zeugnis von der Ehe zweier au\u00dfergew\u00f6hnlicher Pers\u00f6nlichkeiten, die gemeinsam die Nazizeit \u00fcberstanden haben.<\/p>\n<\/div><\/div><\/div><div class=\"fusion-layout-column fusion_builder_column fusion-builder-column-2 fusion_builder_column_1_6 1_6 fusion-flex-column fusion-no-small-visibility fusion-no-medium-visibility\" style=\"--awb-bg-blend:overlay;--awb-bg-size:cover;--awb-width-large:16.666666666667%;--awb-margin-top-large:0px;--awb-spacing-right-large:11.52%;--awb-margin-bottom-large:20px;--awb-spacing-left-large:11.52%;--awb-width-medium:100%;--awb-spacing-right-medium:1.92%;--awb-spacing-left-medium:1.92%;--awb-width-small:100%;--awb-spacing-right-small:1.92%;--awb-spacing-left-small:1.92%;\"><div class=\"fusion-column-wrapper fusion-flex-justify-content-flex-start fusion-content-layout-column\"><\/div><\/div><\/div><\/div>\n","protected":false},"excerpt":{"rendered":"","protected":false},"author":1,"featured_media":1132,"parent":0,"menu_order":0,"comment_status":"closed","ping_status":"closed","template":"100-width.php","meta":{"footnotes":""},"class_list":["post-1269","page","type-page","status-publish","has-post-thumbnail","hentry"],"_links":{"self":[{"href":"https:\/\/arthur-samuel.de\/en\/wp-json\/wp\/v2\/pages\/1269","targetHints":{"allow":["GET"]}}],"collection":[{"href":"https:\/\/arthur-samuel.de\/en\/wp-json\/wp\/v2\/pages"}],"about":[{"href":"https:\/\/arthur-samuel.de\/en\/wp-json\/wp\/v2\/types\/page"}],"author":[{"embeddable":true,"href":"https:\/\/arthur-samuel.de\/en\/wp-json\/wp\/v2\/users\/1"}],"replies":[{"embeddable":true,"href":"https:\/\/arthur-samuel.de\/en\/wp-json\/wp\/v2\/comments?post=1269"}],"version-history":[{"count":2,"href":"https:\/\/arthur-samuel.de\/en\/wp-json\/wp\/v2\/pages\/1269\/revisions"}],"predecessor-version":[{"id":1798,"href":"https:\/\/arthur-samuel.de\/en\/wp-json\/wp\/v2\/pages\/1269\/revisions\/1798"}],"wp:featuredmedia":[{"embeddable":true,"href":"https:\/\/arthur-samuel.de\/en\/wp-json\/wp\/v2\/media\/1132"}],"wp:attachment":[{"href":"https:\/\/arthur-samuel.de\/en\/wp-json\/wp\/v2\/media?parent=1269"}],"curies":[{"name":"wp","href":"https:\/\/api.w.org\/{rel}","templated":true}]}}