{"id":1258,"date":"2022-08-29T12:07:24","date_gmt":"2022-08-29T10:07:24","guid":{"rendered":"https:\/\/arthur-samuel.de\/?page_id=1258"},"modified":"2024-04-27T22:24:01","modified_gmt":"2024-04-27T20:24:01","slug":"als-viehhaendler-in-cadenberge","status":"publish","type":"page","link":"https:\/\/arthur-samuel.de\/en\/als-viehhaendler-in-cadenberge\/","title":{"rendered":"A cattle dealer in Cadenberge"},"content":{"rendered":"<div class=\"fusion-fullwidth fullwidth-box fusion-builder-row-1 fusion-flex-container has-pattern-background has-mask-background nonhundred-percent-fullwidth non-hundred-percent-height-scrolling\" style=\"--awb-background-position:left top;--awb-border-sizes-top:0px;--awb-border-sizes-bottom:0px;--awb-border-sizes-left:0px;--awb-border-sizes-right:0px;--awb-border-radius-top-left:0px;--awb-border-radius-top-right:0px;--awb-border-radius-bottom-right:0px;--awb-border-radius-bottom-left:0px;--awb-padding-top:40px;--awb-padding-bottom:45px;--awb-background-color:var(--awb-color2);--awb-flex-wrap:wrap;\" ><div class=\"fusion-builder-row fusion-row fusion-flex-align-items-flex-start fusion-flex-content-wrap\" style=\"max-width:1216.8px;margin-left: calc(-4% \/ 2 );margin-right: calc(-4% \/ 2 );\"><div class=\"fusion-layout-column fusion_builder_column fusion-builder-column-0 fusion_builder_column_1_6 1_6 fusion-flex-column fusion-no-small-visibility fusion-no-medium-visibility\" style=\"--awb-bg-blend:overlay;--awb-bg-size:cover;--awb-width-large:16.666666666667%;--awb-margin-top-large:0px;--awb-spacing-right-large:11.52%;--awb-margin-bottom-large:20px;--awb-spacing-left-large:11.52%;--awb-width-medium:100%;--awb-spacing-right-medium:1.92%;--awb-spacing-left-medium:1.92%;--awb-width-small:100%;--awb-spacing-right-small:1.92%;--awb-spacing-left-small:1.92%;\"><div class=\"fusion-column-wrapper fusion-flex-justify-content-flex-start fusion-content-layout-column\"><\/div><\/div><div class=\"fusion-layout-column fusion_builder_column fusion-builder-column-1 fusion_builder_column_2_3 2_3 fusion-flex-column\" style=\"--awb-bg-blend:overlay;--awb-bg-size:cover;--awb-width-large:66.666666666667%;--awb-margin-top-large:0px;--awb-spacing-right-large:0px;--awb-margin-bottom-large:0px;--awb-spacing-left-large:0px;--awb-width-medium:100%;--awb-order-medium:0;--awb-spacing-right-medium:1.92%;--awb-spacing-left-medium:1.92%;--awb-width-small:100%;--awb-order-small:0;--awb-spacing-right-small:1.92%;--awb-spacing-left-small:1.92%;\"><div class=\"fusion-column-wrapper fusion-column-has-shadow fusion-flex-justify-content-flex-start fusion-content-layout-column\"><div class=\"fusion-text fusion-text-1\" style=\"--awb-font-size:18px;--awb-line-height:1.4em;--awb-text-font-family:&quot;PT Sans&quot;;--awb-text-font-style:normal;--awb-text-font-weight:400;\"><h3>Ein bevorzugter Marktplatz<\/h3>\n<p>Es w\u00e4re wohl unzutreffend, sich das Cadenberge der zwanziger und drei\u00dfiger Jahre des letzten Jahrhunderts nur als ein verschlafenes Dorf zwischen dem Marschland hinter dem Oste-Deich und den Waldgebieten der Wingst vorzustellen. Denn die besondere Ortslage an einem alten Handelsweg und die f\u00fcr die Landwirtschaft wichtigen fruchtbaren B\u00f6den des Umlandes beg\u00fcnstigten schon seit dem ausgehenden Mittelalter die Rolle Cadenberges als Marktplatz an der Niederelbe. Diese Entwicklung wurde durch den Ausbau der im Jahr 1856 angelegten Landstra\u00dfe zwischen Stade und Cuxhaven (sp\u00e4ter B 73) und dem Anschluss an die Eisenbahn ab 1881 noch verst\u00e4rkt.<\/p>\n<p>Die Cadenberger Herbst-, Vieh- und Kramer-M\u00e4rkte erfreuten sich immer gr\u00f6\u00dferer Beliebtheit. In einem Bericht der \u201eNeuhaus-Ostener-Zeitung\u201c aus dem Jahr 1921 ist zu lesen: \u201eIn der Bahnhofstra\u00dfe an beiden Seiten und auf den H\u00f6fen der Gasth\u00e4user stand das Vieh dichtgedr\u00e4ngt und \u2026 wenn die Z\u00fcge einliefen, ergossen sich wahre Menschenstr\u00f6me in den Ort.\u201c Die Zahl der BesucherInnen an zwei Markttagen k\u00f6nnte sich um die 10.000 bewegt haben. (Dabei ist zu bedenken, dass der Ort damals nur knapp 1.300 EinwohnerInnen hatte.)<\/p>\n<p>Den Einheimischen wurden zum Teil private Schankerlaubnisse erteilt, um Kost und Logis f\u00fcr die vielen G\u00e4ste zu gew\u00e4hrleisten. In den S\u00e4len fanden Marktb\u00e4lle statt.<\/p>\n<p>Vor allem aber bl\u00fchte der Handel. Es wurde gesch\u00e4tzt, dass in den zwanziger Jahren bis zu 1200 St\u00fcck Hornvieh am Markt waren. F\u00fcr den Transport der Tiere setzte die Unterelbische Eisenbahn bis zu 40 Waggons ein.<\/p>\n<p>In den Erz\u00e4hlungen hei\u00dft es, dass die auf den Cadenberger Viehm\u00e4rkten erzielten Preise wohl die \u201eRichtpreise\u201c beim Viehverkauf in der gesamten Region waren.<\/p>\n<\/div><div class=\"fusion-image-element \" style=\"--awb-margin-bottom:20px;--awb-caption-title-font-family:var(--h2_typography-font-family);--awb-caption-title-font-weight:var(--h2_typography-font-weight);--awb-caption-title-font-style:var(--h2_typography-font-style);--awb-caption-title-size:var(--h2_typography-font-size);--awb-caption-title-transform:var(--h2_typography-text-transform);--awb-caption-title-line-height:var(--h2_typography-line-height);--awb-caption-title-letter-spacing:var(--h2_typography-letter-spacing);\"><span class=\" fusion-imageframe imageframe-none imageframe-1 hover-type-none\"><a href=\"https:\/\/arthur-samuel.de\/wp-content\/uploads\/2022\/11\/kap_3_fruehjahrsmark_bunt.jpg\" class=\"fusion-lightbox\" data-rel=\"iLightbox[22b7b78489073db7504]\" data-title=\"kap_3_fruehjahrsmark_bunt\" title=\"kap_3_fruehjahrsmark_bunt\"><img decoding=\"async\" width=\"1235\" height=\"764\" src=\"https:\/\/arthur-samuel.de\/wp-content\/uploads\/2022\/11\/kap_3_fruehjahrsmark_bunt.jpg\" data-orig-src=\"https:\/\/arthur-samuel.de\/wp-content\/uploads\/2022\/11\/kap_3_fruehjahrsmark_bunt.jpg\" alt class=\"lazyload img-responsive wp-image-1333\" srcset=\"data:image\/svg+xml,%3Csvg%20xmlns%3D%27http%3A%2F%2Fwww.w3.org%2F2000%2Fsvg%27%20width%3D%271235%27%20height%3D%27764%27%20viewBox%3D%270%200%201235%20764%27%3E%3Crect%20width%3D%271235%27%20height%3D%27764%27%20fill-opacity%3D%220%22%2F%3E%3C%2Fsvg%3E\" data-srcset=\"https:\/\/arthur-samuel.de\/wp-content\/uploads\/2022\/11\/kap_3_fruehjahrsmark_bunt-200x124.jpg 200w, https:\/\/arthur-samuel.de\/wp-content\/uploads\/2022\/11\/kap_3_fruehjahrsmark_bunt-400x247.jpg 400w, https:\/\/arthur-samuel.de\/wp-content\/uploads\/2022\/11\/kap_3_fruehjahrsmark_bunt-600x371.jpg 600w, https:\/\/arthur-samuel.de\/wp-content\/uploads\/2022\/11\/kap_3_fruehjahrsmark_bunt-800x495.jpg 800w, https:\/\/arthur-samuel.de\/wp-content\/uploads\/2022\/11\/kap_3_fruehjahrsmark_bunt-1200x742.jpg 1200w, https:\/\/arthur-samuel.de\/wp-content\/uploads\/2022\/11\/kap_3_fruehjahrsmark_bunt.jpg 1235w\" data-sizes=\"auto\" data-orig-sizes=\"(max-width: 924px) 100vw, (max-width: 640px) 100vw, 800px\" \/><\/a><\/span><\/div><div class=\"fusion-text fusion-text-2\" style=\"--awb-font-size:18px;--awb-line-height:1.4em;--awb-text-font-family:&quot;PT Sans&quot;;--awb-text-font-style:normal;--awb-text-font-weight:400;\"><p><em>Viehmarkt in Cadenberge um 1909; Blick vom Ortseingang in die Bahnhofstra\u00dfe. Auf dem Grundst\u00fcck vorne rechts wurde sp\u00e4ter nach einem Abriss des Geb\u00e4udes das neue Wohn- und Gesch\u00e4ftshaus der Samuels errichtet; die heutige Apotheke.<br \/>\n(Foto entnommen aus dem Buch der Heimatfreunde \u00bbWie es einmal war\u00ab. Foto: Archiv Heimatmuseum Geversdorf)<\/em><\/p>\n<\/div><div class=\"fusion-text fusion-text-3\" style=\"--awb-font-size:18px;--awb-line-height:1.4em;--awb-text-font-family:&quot;PT Sans&quot;;--awb-text-font-style:normal;--awb-text-font-weight:400;\"><h3>Erfolgreiche Gesch\u00e4fte<\/h3>\n<p>Vielleicht war besonders dieser wirtschaftliche Aspekt ein Grund daf\u00fcr, dass sich Arthur Samuel und eventuell auch seine Frau Eugenie ab 1903 im Landkreis Stade und 14 Jahre sp\u00e4ter in der Gemeinde Cadenberge angesiedelt haben. Schon kurz darauf wurde Arthur als selbstst\u00e4ndiger Viehh\u00e4ndler t\u00e4tig. Im Laufe der Zeit offenbar mit gro\u00dfem gesch\u00e4ftlichen Erfolg. In den gerichtlichen Verfahren nach 1950, in denen es um Leistungen aus dem Bundesentsch\u00e4digungsgesetz ging, gab Arthur Samuel f\u00fcr die Jahre von 1930 bis 1932 zwischen 12.000 und 24.000 Reichsmark als j\u00e4hrliches Einkommen an. Das waren f\u00fcr die damaligen Verh\u00e4ltnisse au\u00dfergew\u00f6hnlich gute Ums\u00e4tze.<\/p>\n<p>Arthurs T\u00e4tigkeit als Viehh\u00e4ndler vollzog sich offenbar schwerpunktm\u00e4\u00dfig in den Gemeinden an der Niederelbe. Aber es unterstreicht sein offensichtlich besonderes Geschick f\u00fcr das Wirtschaftliche, dass in den schon o.g. juristischen Verfahren davon berichtet wird, wie er vor 1933 auch auf \u201eweit entfernten Viehm\u00e4rkten wie L\u00fcbeck, Dinslaken und Dortmund\u201c als H\u00e4ndler unterwegs war.<\/p>\n<p>Der wirtschaftliche Erfolg wird dokumentiert durch die Tatsache, dass die Samuels sich schon bald als eine der ersten in Cadenberge ein Automobil anschaffen konnten. 1920 folgten Grundst\u00fccksk\u00e4ufe und 1923 der Hausneubau (sp\u00e4tere Apotheke) in der Bahnhofstra\u00dfe 2.<\/p>\n<p>Folgerichtig weisen die Telefonb\u00fccher bereits in den zwanziger Jahren einen Anschluss f\u00fcr den Viehh\u00e4ndler aus. Und fast wie selbstverst\u00e4ndlich geh\u00f6rte das Ehepaar auch zu den ersten Radiobesitzern in Cadenberge. (Das Ger\u00e4t spielte sp\u00e4ter noch eine besondere Rolle, weil Juden zu Beginn des Krieges ihre Radioapparate abliefern mussten; einem Zeitzeugenbericht zufolge hat der damalige Cadenberger B\u00fcrgermeister und Nazi-Funktion\u00e4r Karl Klein das Ger\u00e4t pers\u00f6nlich bei den Samuels beschlagnahmt.)<\/p>\n<h3>Stets fair und hilfsbereit<\/h3>\n<p>Ohne Zweifel muss der gesch\u00e4ftliche Erfolg als ein entscheidender Faktor f\u00fcr das gesellschaftlich hohe Ansehen der Samuels in Cadenberge benannt werden.<br \/>\nWer sich jedoch mit den wenigen dokumentierten Zeugnissen und Aussagen \u00fcber die Pers\u00f6nlichkeit und die menschlichen Verhaltensweisen des Ehepaares in ihrer Gemeinde besch\u00e4ftigt, erf\u00e4hrt einen weiteren Grund. Geradezu \u00fcberw\u00e4ltigend sind die Beschreibungen der Freundlichkeit und Hilfsbereitschaft des Ehepaares.<br \/>\nSowohl in den Zeitzeugeninterviews als auch in den aus anderen Unterlagen zu entnehmenden Berichten wird durchg\u00e4ngig die gro\u00dfe Fairness und solidarische Einstellung gegen\u00fcber den Landwirten als Gesch\u00e4ftspartner best\u00e4tigt.<\/p>\n<p>Ganz im Gegensatz zu vielen anderen Viehh\u00e4ndlern sei Arthurs Auftreten immer fair und korrekt gewesen. Besonders die kleinen Bauern wurden von ihm unterst\u00fctzt und daf\u00fcr war er bei ihnen beliebt, hei\u00dft es zum Beispiel in den Erinnerungen des Zeitzeugen Jonny Tiedemann. Arthur Samuel war bekannt daf\u00fcr, dass er mit seinem Auto bei Transporten half. Jugendlichen verschaffte er mit Hilfsarbeiten beim Viehauftrieb einen kleinen Zuverdienst und insgesamt war er als F\u00f6rderer der Dorfjugend bekannt. Alle erlebten ihn und seine Frau Eugenie als hilfsbereite und stets zugewandte Menschen, denen die Cadenberger, und unter ihnen insbesondere die Bauern, vertrauten.<\/p>\n<p>Zudem zeigte sich das Ehepaar offenbar auch in der Geselligkeit des Vereinslebens aktiv und gesch\u00e4tzt. Dazu geh\u00f6rt unbedingt auch der Hinweis darauf, dass Arthur Samuel schon im Jahr 1930 erstmalig als Sch\u00fctzenk\u00f6nig in der Gemeinde gefeiert wurde.<\/p>\n<h3>Boykott und Lizenzentzug<\/h3>\n<p>Der Bruch zun\u00e4chst im gesch\u00e4ftlichen Leben zeichnete sich schon mit der Macht\u00fcbernahme durch die Hitlerfaschisten im Jahr 1933 ab. Die fr\u00fch begonnenen Boykottma\u00dfnahmen gegen Juden trafen auch den Viehh\u00e4ndler Arthur schwer. In den D\u00f6rfern wurden Schilder mit der Aufschrift \u201eJuden nicht erw\u00fcnscht\u201c aufgestellt. Auch h\u00e4tten die Bauern, die zuvor seine Gesch\u00e4ftspartner waren, auf ihren H\u00f6fen Schilder anbringen m\u00fcssen, auf denen stand \u201eJuden ist der Zutritt verboten\u201c. So ist es in einem Verfahrensprotokoll des Amtsgerichts Osten aus dem Jahr 1957 nachzulesen. \u201eGerade in der Gegend von Cadenberge seien Transparente aufgeh\u00e4ngt worden mit der Aufschrift: \u201eWer vom Juden frisst, stirbt daran\u201c. Auch seien SA-M\u00e4nner auf Viehm\u00e4rkten unterwegs gewesen, um Bauern zu fotografieren, die mit dem j\u00fcdischen H\u00e4ndler Gesch\u00e4fte abschlie\u00dfen wollten.<\/p>\n<p>Durch diese und andere Ma\u00dfnahmen wurde der Viehhandel extrem erschwert bis unm\u00f6glich gemacht, was zu einem massiven R\u00fcckgang der Einnahmen f\u00fchrte. Am 01.11.1937 schlie\u00dflich wurde Arthur Samuel \u201ewegen seiner Zugeh\u00f6rigkeit zur j\u00fcdischen Rasse\u201c die Erlaubnis zur Aus\u00fcbung eines Gewerbes \u2013 die sogenannte Legitimationskarte \u2013 entzogen. Ab diesem Zeitpunkt blieb das Ehepaar zun\u00e4chst ohne jegliches Einkommen. Das Ziel der Nazis war die Vernichtung des Gesch\u00e4ftes.<\/p>\n<\/div><\/div><\/div><div class=\"fusion-layout-column fusion_builder_column fusion-builder-column-2 fusion_builder_column_1_6 1_6 fusion-flex-column fusion-no-small-visibility fusion-no-medium-visibility\" style=\"--awb-bg-blend:overlay;--awb-bg-size:cover;--awb-width-large:16.666666666667%;--awb-margin-top-large:0px;--awb-spacing-right-large:11.52%;--awb-margin-bottom-large:20px;--awb-spacing-left-large:11.52%;--awb-width-medium:100%;--awb-spacing-right-medium:1.92%;--awb-spacing-left-medium:1.92%;--awb-width-small:100%;--awb-spacing-right-small:1.92%;--awb-spacing-left-small:1.92%;\"><div class=\"fusion-column-wrapper fusion-flex-justify-content-flex-start fusion-content-layout-column\"><\/div><\/div><\/div><\/div>\n","protected":false},"excerpt":{"rendered":"","protected":false},"author":1,"featured_media":1132,"parent":0,"menu_order":0,"comment_status":"closed","ping_status":"open","template":"100-width.php","meta":{"footnotes":""},"class_list":["post-1258","page","type-page","status-publish","has-post-thumbnail","hentry"],"_links":{"self":[{"href":"https:\/\/arthur-samuel.de\/en\/wp-json\/wp\/v2\/pages\/1258","targetHints":{"allow":["GET"]}}],"collection":[{"href":"https:\/\/arthur-samuel.de\/en\/wp-json\/wp\/v2\/pages"}],"about":[{"href":"https:\/\/arthur-samuel.de\/en\/wp-json\/wp\/v2\/types\/page"}],"author":[{"embeddable":true,"href":"https:\/\/arthur-samuel.de\/en\/wp-json\/wp\/v2\/users\/1"}],"replies":[{"embeddable":true,"href":"https:\/\/arthur-samuel.de\/en\/wp-json\/wp\/v2\/comments?post=1258"}],"version-history":[{"count":2,"href":"https:\/\/arthur-samuel.de\/en\/wp-json\/wp\/v2\/pages\/1258\/revisions"}],"predecessor-version":[{"id":1760,"href":"https:\/\/arthur-samuel.de\/en\/wp-json\/wp\/v2\/pages\/1258\/revisions\/1760"}],"wp:featuredmedia":[{"embeddable":true,"href":"https:\/\/arthur-samuel.de\/en\/wp-json\/wp\/v2\/media\/1132"}],"wp:attachment":[{"href":"https:\/\/arthur-samuel.de\/en\/wp-json\/wp\/v2\/media?parent=1258"}],"curies":[{"name":"wp","href":"https:\/\/api.w.org\/{rel}","templated":true}]}}