{"id":1192,"date":"2022-08-19T11:14:12","date_gmt":"2022-08-19T09:14:12","guid":{"rendered":"https:\/\/arthur-samuel.de\/?page_id=1192"},"modified":"2022-12-16T19:37:52","modified_gmt":"2022-12-16T18:37:52","slug":"warum-wir-uns-mit-der-geschichte-von-arthur-und-eugenie-samuel-beschaeftigen","status":"publish","type":"page","link":"https:\/\/arthur-samuel.de\/en\/warum-wir-uns-mit-der-geschichte-von-arthur-und-eugenie-samuel-beschaeftigen\/","title":{"rendered":"Why we are interested in the story of Arthur und Eugenie Samuel"},"content":{"rendered":"<div class=\"fusion-fullwidth fullwidth-box fusion-builder-row-1 fusion-flex-container has-pattern-background has-mask-background nonhundred-percent-fullwidth non-hundred-percent-height-scrolling\" style=\"--awb-background-position:left top;--awb-border-sizes-top:0px;--awb-border-sizes-bottom:0px;--awb-border-sizes-left:0px;--awb-border-sizes-right:0px;--awb-border-radius-top-left:0px;--awb-border-radius-top-right:0px;--awb-border-radius-bottom-right:0px;--awb-border-radius-bottom-left:0px;--awb-padding-top:40px;--awb-padding-bottom:45px;--awb-background-color:var(--awb-color2);--awb-flex-wrap:wrap;\" ><div class=\"fusion-builder-row fusion-row fusion-flex-align-items-flex-start fusion-flex-content-wrap\" style=\"max-width:1216.8px;margin-left: calc(-4% \/ 2 );margin-right: calc(-4% \/ 2 );\"><div class=\"fusion-layout-column fusion_builder_column fusion-builder-column-0 fusion_builder_column_1_6 1_6 fusion-flex-column fusion-no-small-visibility fusion-no-medium-visibility\" style=\"--awb-bg-blend:overlay;--awb-bg-size:cover;--awb-width-large:16.666666666667%;--awb-margin-top-large:0px;--awb-spacing-right-large:11.52%;--awb-margin-bottom-large:20px;--awb-spacing-left-large:11.52%;--awb-width-medium:100%;--awb-spacing-right-medium:1.92%;--awb-spacing-left-medium:1.92%;--awb-width-small:100%;--awb-spacing-right-small:1.92%;--awb-spacing-left-small:1.92%;\"><div class=\"fusion-column-wrapper fusion-flex-justify-content-flex-start fusion-content-layout-column\"><\/div><\/div><div class=\"fusion-layout-column fusion_builder_column fusion-builder-column-1 fusion_builder_column_2_3 2_3 fusion-flex-column\" style=\"--awb-bg-blend:overlay;--awb-bg-size:cover;--awb-width-large:66.666666666667%;--awb-margin-top-large:0px;--awb-spacing-right-large:0px;--awb-margin-bottom-large:0px;--awb-spacing-left-large:0px;--awb-width-medium:100%;--awb-order-medium:0;--awb-spacing-right-medium:1.92%;--awb-spacing-left-medium:1.92%;--awb-width-small:100%;--awb-order-small:0;--awb-spacing-right-small:1.92%;--awb-spacing-left-small:1.92%;\"><div class=\"fusion-column-wrapper fusion-column-has-shadow fusion-flex-justify-content-flex-start fusion-content-layout-column\"><div class=\"fusion-text fusion-text-1\" style=\"--awb-font-size:18px;--awb-line-height:1.4em;--awb-text-font-family:&quot;PT Sans&quot;;--awb-text-font-style:normal;--awb-text-font-weight:400;\"><h3><strong>Warum wir uns mit der Geschichte unserer Nachbarn in Cadenberge besch\u00e4ftigen<\/strong><\/h3>\n<p>Nicht zuletzt im Zusammenhang mit den in den letzten Jahren zunehmenden Berichten \u00fcber Angriffe gegen j\u00fcdische Einrichtungen und andere antisemitisch motivierte \u00dcbergriffe und Straftaten wuchs unsere Aufmerksamkeit f\u00fcr das Schicksal Arthur Samuels und seiner Frau Eugenie, die es offenkundig geschafft hatten, die grausame Zeit des Hitlerfaschismus in Cadenberge zu \u00fcberleben.<\/p>\n<p>Es musste sich um eine ungew\u00f6hnliche Geschichte handeln, die sich damals in unserer Heimatgemeinde abgespielt hat. Dar\u00fcber wollten wir mehr erfahren.<\/p>\n<p>Gab es L\u00fccken in der Vernichtungsmaschinerie der Nazis? Ist es den Samuels gelungen, sich durch ihr Alltagsverhalten dem Kontrollnetz von Gestapo und SS zu entziehen? Wurde ihnen von Freunden und in der Nachbarschaft geholfen? Oder hat es f\u00fcr das Ehepaar einfach nur eine Reihe von gl\u00fccklichen Zuf\u00e4llen gegeben?<\/p>\n<p>Nach dem Ende unserer beruflichen T\u00e4tigkeiten vor einigen Jahren ergaben sich h\u00e4ufigere Gelegenheiten, um \u00fcber unsere Kindheits- und Jugenderlebnisse in Geversdorf und Cadenberge zu sprechen.\u00a0Wir waren daran interessiert, mehr \u00fcber die damaligen politischen, kulturellen und wirtschaftlichen Rahmenbedingungen in den D\u00f6rfern an der Niederelbe zu erfahren.<\/p>\n<\/div><div class=\"fusion-builder-row fusion-builder-row-inner fusion-row fusion-flex-align-items-flex-start fusion-flex-content-wrap\" style=\"--awb-flex-grow:0;--awb-flex-grow-medium:0;--awb-flex-grow-small:0;--awb-flex-shrink:0;--awb-flex-shrink-medium:0;--awb-flex-shrink-small:0;width:104% !important;max-width:104% !important;margin-left: calc(-4% \/ 2 );margin-right: calc(-4% \/ 2 );\"><div class=\"fusion-layout-column fusion_builder_column_inner fusion-builder-nested-column-0 fusion_builder_column_inner_1_3 1_3 fusion-flex-column\" style=\"--awb-bg-size:cover;--awb-width-large:33.333333333333%;--awb-margin-top-large:0px;--awb-spacing-right-large:5.76%;--awb-margin-bottom-large:20px;--awb-spacing-left-large:5.76%;--awb-width-medium:100%;--awb-order-medium:0;--awb-spacing-right-medium:1.92%;--awb-spacing-left-medium:1.92%;--awb-width-small:100%;--awb-order-small:0;--awb-spacing-right-small:1.92%;--awb-spacing-left-small:1.92%;\"><div class=\"fusion-column-wrapper fusion-column-has-shadow fusion-flex-justify-content-flex-start fusion-content-layout-column\"><div class=\"fusion-image-element \" style=\"--awb-caption-title-font-family:var(--h2_typography-font-family);--awb-caption-title-font-weight:var(--h2_typography-font-weight);--awb-caption-title-font-style:var(--h2_typography-font-style);--awb-caption-title-size:var(--h2_typography-font-size);--awb-caption-title-transform:var(--h2_typography-text-transform);--awb-caption-title-line-height:var(--h2_typography-line-height);--awb-caption-title-letter-spacing:var(--h2_typography-letter-spacing);\"><span class=\" fusion-imageframe imageframe-none imageframe-1 hover-type-none\"><a href=\"https:\/\/arthur-samuel.de\/wp-content\/uploads\/2022\/11\/Heiratsurkunden-1953-1.jpg\" class=\"fusion-lightbox\" data-rel=\"iLightbox[f14fdd0fe6ae550a86c]\" data-title=\"Heiratsurkunden-1953-1\" title=\"Heiratsurkunden-1953-1\"><img decoding=\"async\" width=\"1309\" height=\"1859\" src=\"https:\/\/arthur-samuel.de\/wp-content\/uploads\/2022\/11\/Heiratsurkunden-1953-1.jpg\" data-orig-src=\"https:\/\/arthur-samuel.de\/wp-content\/uploads\/2022\/11\/Heiratsurkunden-1953-1.jpg\" alt class=\"lazyload img-responsive wp-image-1374\" srcset=\"data:image\/svg+xml,%3Csvg%20xmlns%3D%27http%3A%2F%2Fwww.w3.org%2F2000%2Fsvg%27%20width%3D%271309%27%20height%3D%271859%27%20viewBox%3D%270%200%201309%201859%27%3E%3Crect%20width%3D%271309%27%20height%3D%271859%27%20fill-opacity%3D%220%22%2F%3E%3C%2Fsvg%3E\" data-srcset=\"https:\/\/arthur-samuel.de\/wp-content\/uploads\/2022\/11\/Heiratsurkunden-1953-1-200x284.jpg 200w, https:\/\/arthur-samuel.de\/wp-content\/uploads\/2022\/11\/Heiratsurkunden-1953-1-400x568.jpg 400w, https:\/\/arthur-samuel.de\/wp-content\/uploads\/2022\/11\/Heiratsurkunden-1953-1-600x852.jpg 600w, https:\/\/arthur-samuel.de\/wp-content\/uploads\/2022\/11\/Heiratsurkunden-1953-1-800x1136.jpg 800w, https:\/\/arthur-samuel.de\/wp-content\/uploads\/2022\/11\/Heiratsurkunden-1953-1-1200x1704.jpg 1200w, https:\/\/arthur-samuel.de\/wp-content\/uploads\/2022\/11\/Heiratsurkunden-1953-1.jpg 1309w\" data-sizes=\"auto\" data-orig-sizes=\"(max-width: 924px) 100vw, (max-width: 640px) 100vw, 400px\" \/><\/a><\/span><\/div><\/div><\/div><div class=\"fusion-layout-column fusion_builder_column_inner fusion-builder-nested-column-1 fusion_builder_column_inner_1_3 1_3 fusion-flex-column\" style=\"--awb-bg-size:cover;--awb-width-large:33.333333333333%;--awb-margin-top-large:0px;--awb-spacing-right-large:5.76%;--awb-margin-bottom-large:20px;--awb-spacing-left-large:5.76%;--awb-width-medium:100%;--awb-order-medium:0;--awb-spacing-right-medium:1.92%;--awb-spacing-left-medium:1.92%;--awb-width-small:100%;--awb-order-small:0;--awb-spacing-right-small:1.92%;--awb-spacing-left-small:1.92%;\"><div class=\"fusion-column-wrapper fusion-column-has-shadow fusion-flex-justify-content-flex-start fusion-content-layout-column\"><div class=\"fusion-image-element \" style=\"--awb-caption-title-font-family:var(--h2_typography-font-family);--awb-caption-title-font-weight:var(--h2_typography-font-weight);--awb-caption-title-font-style:var(--h2_typography-font-style);--awb-caption-title-size:var(--h2_typography-font-size);--awb-caption-title-transform:var(--h2_typography-text-transform);--awb-caption-title-line-height:var(--h2_typography-line-height);--awb-caption-title-letter-spacing:var(--h2_typography-letter-spacing);\"><span class=\" fusion-imageframe imageframe-none imageframe-2 hover-type-none\"><a href=\"https:\/\/arthur-samuel.de\/wp-content\/uploads\/2022\/11\/Heiratsurkunden-1953-2.jpg\" class=\"fusion-lightbox\" data-rel=\"iLightbox[09e05531bbbc0096ea2]\" data-title=\"Heiratsurkunden-1953-2\" title=\"Heiratsurkunden-1953-2\"><img decoding=\"async\" width=\"1338\" height=\"1860\" src=\"https:\/\/arthur-samuel.de\/wp-content\/uploads\/2022\/11\/Heiratsurkunden-1953-2.jpg\" data-orig-src=\"https:\/\/arthur-samuel.de\/wp-content\/uploads\/2022\/11\/Heiratsurkunden-1953-2.jpg\" alt class=\"lazyload img-responsive wp-image-1373\" srcset=\"data:image\/svg+xml,%3Csvg%20xmlns%3D%27http%3A%2F%2Fwww.w3.org%2F2000%2Fsvg%27%20width%3D%271338%27%20height%3D%271860%27%20viewBox%3D%270%200%201338%201860%27%3E%3Crect%20width%3D%271338%27%20height%3D%271860%27%20fill-opacity%3D%220%22%2F%3E%3C%2Fsvg%3E\" data-srcset=\"https:\/\/arthur-samuel.de\/wp-content\/uploads\/2022\/11\/Heiratsurkunden-1953-2-200x278.jpg 200w, https:\/\/arthur-samuel.de\/wp-content\/uploads\/2022\/11\/Heiratsurkunden-1953-2-400x556.jpg 400w, https:\/\/arthur-samuel.de\/wp-content\/uploads\/2022\/11\/Heiratsurkunden-1953-2-600x834.jpg 600w, https:\/\/arthur-samuel.de\/wp-content\/uploads\/2022\/11\/Heiratsurkunden-1953-2-800x1112.jpg 800w, https:\/\/arthur-samuel.de\/wp-content\/uploads\/2022\/11\/Heiratsurkunden-1953-2-1200x1668.jpg 1200w, https:\/\/arthur-samuel.de\/wp-content\/uploads\/2022\/11\/Heiratsurkunden-1953-2.jpg 1338w\" data-sizes=\"auto\" data-orig-sizes=\"(max-width: 924px) 100vw, (max-width: 640px) 100vw, 400px\" \/><\/a><\/span><\/div><\/div><\/div><div class=\"fusion-layout-column fusion_builder_column_inner fusion-builder-nested-column-2 fusion_builder_column_inner_1_3 1_3 fusion-flex-column\" style=\"--awb-bg-size:cover;--awb-width-large:33.333333333333%;--awb-margin-top-large:0px;--awb-spacing-right-large:5.76%;--awb-margin-bottom-large:20px;--awb-spacing-left-large:5.76%;--awb-width-medium:100%;--awb-order-medium:0;--awb-spacing-right-medium:1.92%;--awb-spacing-left-medium:1.92%;--awb-width-small:100%;--awb-order-small:0;--awb-spacing-right-small:1.92%;--awb-spacing-left-small:1.92%;\"><div class=\"fusion-column-wrapper fusion-column-has-shadow fusion-flex-justify-content-flex-start fusion-content-layout-column\"><div class=\"fusion-image-element \" style=\"--awb-caption-title-font-family:var(--h2_typography-font-family);--awb-caption-title-font-weight:var(--h2_typography-font-weight);--awb-caption-title-font-style:var(--h2_typography-font-style);--awb-caption-title-size:var(--h2_typography-font-size);--awb-caption-title-transform:var(--h2_typography-text-transform);--awb-caption-title-line-height:var(--h2_typography-line-height);--awb-caption-title-letter-spacing:var(--h2_typography-letter-spacing);\"><span class=\" fusion-imageframe imageframe-none imageframe-3 hover-type-none\"><a href=\"https:\/\/arthur-samuel.de\/wp-content\/uploads\/2022\/11\/Heiratsurkunden-1953-3.jpg\" class=\"fusion-lightbox\" data-rel=\"iLightbox[c7f97a01418bb4e6ea8]\" data-title=\"Heiratsurkunden-1953-3\" title=\"Heiratsurkunden-1953-3\"><img decoding=\"async\" width=\"1483\" height=\"1860\" src=\"https:\/\/arthur-samuel.de\/wp-content\/uploads\/2022\/11\/Heiratsurkunden-1953-3.jpg\" data-orig-src=\"https:\/\/arthur-samuel.de\/wp-content\/uploads\/2022\/11\/Heiratsurkunden-1953-3.jpg\" alt class=\"lazyload img-responsive wp-image-1372\" srcset=\"data:image\/svg+xml,%3Csvg%20xmlns%3D%27http%3A%2F%2Fwww.w3.org%2F2000%2Fsvg%27%20width%3D%271483%27%20height%3D%271860%27%20viewBox%3D%270%200%201483%201860%27%3E%3Crect%20width%3D%271483%27%20height%3D%271860%27%20fill-opacity%3D%220%22%2F%3E%3C%2Fsvg%3E\" data-srcset=\"https:\/\/arthur-samuel.de\/wp-content\/uploads\/2022\/11\/Heiratsurkunden-1953-3-200x251.jpg 200w, https:\/\/arthur-samuel.de\/wp-content\/uploads\/2022\/11\/Heiratsurkunden-1953-3-400x502.jpg 400w, https:\/\/arthur-samuel.de\/wp-content\/uploads\/2022\/11\/Heiratsurkunden-1953-3-600x753.jpg 600w, https:\/\/arthur-samuel.de\/wp-content\/uploads\/2022\/11\/Heiratsurkunden-1953-3-800x1003.jpg 800w, https:\/\/arthur-samuel.de\/wp-content\/uploads\/2022\/11\/Heiratsurkunden-1953-3-1200x1505.jpg 1200w, https:\/\/arthur-samuel.de\/wp-content\/uploads\/2022\/11\/Heiratsurkunden-1953-3.jpg 1483w\" data-sizes=\"auto\" data-orig-sizes=\"(max-width: 924px) 100vw, (max-width: 640px) 100vw, 400px\" \/><\/a><\/span><\/div><\/div><\/div><\/div><div class=\"fusion-text fusion-text-2\" style=\"--awb-font-size:18px;--awb-line-height:1.4em;--awb-text-font-family:&quot;PT Sans&quot;;--awb-text-font-style:normal;--awb-text-font-weight:400;\"><p><em>Dokumente zum Ehestand; w\u00e4hrend der Nazizeit ausgestellt und sp\u00e4ter im August 1952. Die Eheschlie\u00dfung erfolgte im Oktober 1910 in Otterndorf.<br \/>\n(Dokumentiert nach Unterlagen des\u00a0<\/em><i>Nieders\u00e4chsischen Staatsarchivs Stade, bzw. nach Unterlagen des Archivs des Landkreises Cuxhaven in Otterndorf.)<\/i><\/p>\n<\/div><div class=\"fusion-text fusion-text-3\" style=\"--awb-font-size:18px;--awb-line-height:1.4em;--awb-text-font-family:&quot;PT Sans&quot;;--awb-text-font-style:normal;--awb-text-font-weight:400;\"><h3><strong>Offenbarungen und Entwicklungen<\/strong><\/h3>\n<p>Schon bald stie\u00dfen wir auf eine kleine Fotobrosch\u00fcre \u00fcber Gastst\u00e4tten und Gesch\u00e4ftsh\u00e4user in der Umgebung. Dabei fiel uns das Haus \u201eKronen-Apotheke, Bahnhofstr. 2\u201c mit einem Hinweis auf den fr\u00fcheren Eigent\u00fcmer, Arthur Samuel, auf. Diese Information war f\u00fcr uns neu. Zwar kannten wir das Apotheken-Geb\u00e4ude, weil wir als Kinder h\u00e4ufiger unsere Arztrezepte die kleinen Treppenstufen hinaufgetragen hatten.<\/p>\n<p>\u00dcberraschend war jedoch, dass der Bauherr dieses noch heute sch\u00f6nen und markanten Hauses nahe am Ortseingang Arthur Samuel war.<\/p>\n<p>Anfang der 1960er Jahre spielten wir oft vor unserer Haust\u00fcr im Heideweg mit den Nachbarjungen Fu\u00dfball, Hockey oder Federball, unterbrochen nur von einzeln durchfahrenden Autos. Aber auch Spazierg\u00e4nger waren hin und wieder auf der damals noch ungepflasterten Stra\u00dfe in Richtung Wingst unterwegs.<\/p>\n<p>Zu ihnen geh\u00f6rte regelm\u00e4\u00dfig ein \u00e4lterer Herr im Lodenmantel und mit Hut, der\u00a0seinen Hund, vermutlich einen Airedale Terrier, ausf\u00fchrte. Das war Arthur Samuel, unser\u00a0Nachbar aus der Osterstra\u00dfe; ein Jude, wie wir sp\u00e4ter erfuhren.<\/p>\n<p>Als Kinder hatten wir keine Vorstellung und haben uns keine Gedanken dar\u00fcber gemacht, wer oder was ein \u201eJude\u201c ist. Und es war f\u00fcr uns auch noch nicht die Zeit, in der \u00fcber die damals noch \u201ej\u00fcngste Vergangenheit\u201c, \u00fcber Nazis, Krieg, V\u00f6lkermord und Holocaust gesprochen wurde.<\/p>\n<p>Daf\u00fcr besch\u00e4ftigen wir uns heute mehr denn je mit all diesen Fragen.<\/p>\n<p>Schon seit geraumer Zeit sammeln wir Daten, Dokumente und Berichte aus dem Leben unserer Nachbarn Samuel und versuchen sie in eine chronologische Reihe zu bringen. Nat\u00fcrlich gestaltet sich diese Arbeit nach fast einem Jahrhundert schwierig. Es gibt keine zusammenh\u00e4ngenden Darstellungen. Auch im Internet sind nur wenige Informationen auffindbar.<\/p>\n<p>Erste Fotos und Zeitungsausschnitte erhielten wir \u00fcber den Kontakt zum \u00f6rtlichen Heimatpfleger G\u00fcnter Lunden.\u00a0Sehr viel aufschlussreicher war die Einsicht in entsprechende Dokumente, die im Landesarchiv in Stade vorliegen.<\/p>\n<h3><strong>Pers\u00f6nliche Erinnerungen und kommunale Zusammenarbeit <\/strong><\/h3>\n<p>Zudem wurde uns bekannt, dass in einigen Cadenberger Familien Erinnerungen an Arthur und Eugenie kursierten; aber auch, dass es kaum noch lebende Zeitzeugen gibt.<\/p>\n<p>So waren wir freudig \u00fcberrascht, dass sich nach den ersten Ver\u00f6ffentlichungen \u00fcber unsere Arbeit in der \u201eNiederelbe-Zeitung\u201c und mit einem Bericht im NDR-Regionalfernsehen ein Kontakt zu dem 98-j\u00e4hrigen ehemaligen Cadenberger Jonny Tiedemann ergab, der als Botenjunge einer B\u00e4ckerei die Samuels in der Nazizeit mit Brotwaren belieferte. Vermittelt \u00fcber den Sohn konnten wir mit diesem Zeitzeugen im vergangenen Jahr noch ein Interview f\u00fchren; mittlerweile ist Jonny Tiedemann leider auch verstorben.<\/p>\n<p>Ein weiterer Zeitzeugenbericht lag bereits fr\u00fcher aus anderen Quellen vor.<\/p>\n<p>Geradezu als Gl\u00fccksfall ergab sich dann ebenfalls im vergangenen Jahr die Bekanntschaft mit Henry Irwig, dem Gro\u00dfneffen der Samuels, der heute in den USA lebt und mit dem wir inzwischen im engen Austausch stehen. Wir freuen uns, dass wir ihn daf\u00fcr gewinnen konnten, sich mit uns gemeinsam als Autor und Herausgeber dieser Website auf die Spurensuche zu begeben. Henrys Erinnerungen und sein Wissen sind f\u00fcr diese Arbeit von unsch\u00e4tzbarer Bedeutung.<\/p>\n<p>Mit ihm zusammen haben wir auch Kontakt zur \u00f6rtlichen \u201eSchule am Dobrock\u201c aufgenommen, um vielleicht dort, sp\u00e4ter im Jahr, mit Sch\u00fclerInnen ein gemeinsames Projekt f\u00fcr die Erinnerungsarbeit zu gestalten.<\/p>\n<p>Auch der Gemeinde Cadenberge und der Samtgemeinde Hadeln sind wir in besonderem Ma\u00dfe dankbar f\u00fcr das konstruktive Interesse und die Unterst\u00fctzung bei unseren Bem\u00fchungen, mehr zu erfahren \u00fcber diesen wichtigen Abschnitt des Lebens von Arthur und Eugenie und der gesamten Bewohnerschaft in unserem Heimatdorf.<\/p>\n<\/div><div class=\"fusion-builder-row fusion-builder-row-inner fusion-row fusion-flex-align-items-flex-start fusion-flex-content-wrap\" style=\"--awb-flex-grow:0;--awb-flex-grow-medium:0;--awb-flex-grow-small:0;--awb-flex-shrink:0;--awb-flex-shrink-medium:0;--awb-flex-shrink-small:0;width:104% !important;max-width:104% !important;margin-left: calc(-4% \/ 2 );margin-right: calc(-4% \/ 2 );\"><div class=\"fusion-layout-column fusion_builder_column_inner fusion-builder-nested-column-3 fusion_builder_column_inner_1_3 1_3 fusion-flex-column\" style=\"--awb-bg-size:cover;--awb-width-large:33.333333333333%;--awb-margin-top-large:0px;--awb-spacing-right-large:5.76%;--awb-margin-bottom-large:20px;--awb-spacing-left-large:5.76%;--awb-width-medium:100%;--awb-order-medium:0;--awb-spacing-right-medium:1.92%;--awb-spacing-left-medium:1.92%;--awb-width-small:100%;--awb-order-small:0;--awb-spacing-right-small:1.92%;--awb-spacing-left-small:1.92%;\"><div class=\"fusion-column-wrapper fusion-column-has-shadow fusion-flex-justify-content-flex-start fusion-content-layout-column\"><div class=\"fusion-text fusion-text-4\" style=\"--awb-line-height:1.4em;\"><p><strong>Dietmar und Rudi (R\u00fcdiger) Zimmeck<\/strong><br \/>\nGeversdorf\/Cadenberge\/Hannover<\/p>\n<p>am Jahreswechsel 2022\/2023.<\/p>\n<\/div><\/div><\/div><div class=\"fusion-layout-column fusion_builder_column_inner fusion-builder-nested-column-4 fusion_builder_column_inner_1_3 1_3 fusion-flex-column\" style=\"--awb-bg-size:cover;--awb-width-large:33.333333333333%;--awb-margin-top-large:0px;--awb-spacing-right-large:5.76%;--awb-margin-bottom-large:20px;--awb-spacing-left-large:5.76%;--awb-width-medium:100%;--awb-order-medium:0;--awb-spacing-right-medium:1.92%;--awb-spacing-left-medium:1.92%;--awb-width-small:100%;--awb-order-small:0;--awb-spacing-right-small:1.92%;--awb-spacing-left-small:1.92%;\"><div class=\"fusion-column-wrapper fusion-column-has-shadow fusion-flex-justify-content-flex-start fusion-content-layout-column\"><div class=\"fusion-text fusion-text-5\"><p style=\"text-align: center;\">In Zusammenarbeit mit<\/p>\n<\/div><\/div><\/div><div class=\"fusion-layout-column fusion_builder_column_inner fusion-builder-nested-column-5 fusion_builder_column_inner_1_3 1_3 fusion-flex-column\" style=\"--awb-bg-size:cover;--awb-width-large:33.333333333333%;--awb-margin-top-large:0px;--awb-spacing-right-large:5.76%;--awb-margin-bottom-large:20px;--awb-spacing-left-large:5.76%;--awb-width-medium:100%;--awb-order-medium:0;--awb-spacing-right-medium:1.92%;--awb-spacing-left-medium:1.92%;--awb-width-small:100%;--awb-order-small:0;--awb-spacing-right-small:1.92%;--awb-spacing-left-small:1.92%;\"><div class=\"fusion-column-wrapper fusion-column-has-shadow fusion-flex-justify-content-flex-start fusion-content-layout-column\"><div class=\"fusion-text fusion-text-6\" style=\"--awb-line-height:1.4em;\"><p><strong>Henry Irwig<\/strong><br \/>\nBoston, USA<\/p>\n<\/div><\/div><\/div><\/div><\/div><\/div><div class=\"fusion-layout-column fusion_builder_column fusion-builder-column-2 fusion_builder_column_1_6 1_6 fusion-flex-column fusion-no-small-visibility fusion-no-medium-visibility\" style=\"--awb-bg-blend:overlay;--awb-bg-size:cover;--awb-width-large:16.666666666667%;--awb-margin-top-large:0px;--awb-spacing-right-large:11.52%;--awb-margin-bottom-large:20px;--awb-spacing-left-large:11.52%;--awb-width-medium:100%;--awb-spacing-right-medium:1.92%;--awb-spacing-left-medium:1.92%;--awb-width-small:100%;--awb-spacing-right-small:1.92%;--awb-spacing-left-small:1.92%;\"><div class=\"fusion-column-wrapper fusion-flex-justify-content-flex-start fusion-content-layout-column\"><\/div><\/div><\/div><\/div>\n","protected":false},"excerpt":{"rendered":"","protected":false},"author":1,"featured_media":1132,"parent":0,"menu_order":0,"comment_status":"closed","ping_status":"open","template":"100-width.php","meta":{"footnotes":""},"class_list":["post-1192","page","type-page","status-publish","has-post-thumbnail","hentry"],"_links":{"self":[{"href":"https:\/\/arthur-samuel.de\/en\/wp-json\/wp\/v2\/pages\/1192","targetHints":{"allow":["GET"]}}],"collection":[{"href":"https:\/\/arthur-samuel.de\/en\/wp-json\/wp\/v2\/pages"}],"about":[{"href":"https:\/\/arthur-samuel.de\/en\/wp-json\/wp\/v2\/types\/page"}],"author":[{"embeddable":true,"href":"https:\/\/arthur-samuel.de\/en\/wp-json\/wp\/v2\/users\/1"}],"replies":[{"embeddable":true,"href":"https:\/\/arthur-samuel.de\/en\/wp-json\/wp\/v2\/comments?post=1192"}],"version-history":[{"count":6,"href":"https:\/\/arthur-samuel.de\/en\/wp-json\/wp\/v2\/pages\/1192\/revisions"}],"predecessor-version":[{"id":1635,"href":"https:\/\/arthur-samuel.de\/en\/wp-json\/wp\/v2\/pages\/1192\/revisions\/1635"}],"wp:featuredmedia":[{"embeddable":true,"href":"https:\/\/arthur-samuel.de\/en\/wp-json\/wp\/v2\/media\/1132"}],"wp:attachment":[{"href":"https:\/\/arthur-samuel.de\/en\/wp-json\/wp\/v2\/media?parent=1192"}],"curies":[{"name":"wp","href":"https:\/\/api.w.org\/{rel}","templated":true}]}}